{"id":831,"date":"2022-11-01T16:32:28","date_gmt":"2022-11-01T16:32:28","guid":{"rendered":"http:\/\/patenrengas.fi\/?post_type=product&#038;p=831"},"modified":"2024-10-08T20:33:33","modified_gmt":"2024-10-08T18:33:33","slug":"maxxis-premitra-ice-nord-np5-15","status":"publish","type":"product","link":"https:\/\/patenrengas.fi\/?product=maxxis-premitra-ice-nord-np5-15","title":{"rendered":"Hankook i\u00b4Pike LV RW15, Pakettiauton rengas 15&#8243;"},"content":{"rendered":"<p>Hankookin t\u00e4ysin uudistunut jakeluautojen nastarengas. Erinomainen pito ja hallittavuus vaikeimmissakin talvioloissa.<\/p>\n","protected":false},"excerpt":{"rendered":"<p>Hankookin t\u00e4ysin uudistunut Pakettiautojen nastarengas. Erinomainen pito ja hallittavuus vaikeimmissakin talvioloissa.<\/p>\n<p>195\/70 R15 C <strong>600\u20ac<\/strong><br \/>\n215\/70 R15 C <strong>690\u20ac<\/strong><strong><br \/>\n<\/strong><\/p>\n<p>&nbsp;<\/p>\n<pre><strong>Hinnat sis\u00e4lt\u00e4\u00e4 rengasty\u00f6t\r\nja tasapainoitukset<\/strong>.<\/pre>\n","protected":false},"featured_media":988,"template":"","meta":[],"product_brand":[],"product_cat":[67,33],"product_tag":[19,102,50],"class_list":{"0":"post-831","1":"product","2":"type-product","3":"status-publish","4":"has-post-thumbnail","6":"product_cat-15-nastarengas","7":"product_cat-nastarengas","8":"product_tag-15tuumaa","9":"product_tag-maxxis","10":"product_tag-nasta","12":"first","13":"instock","14":"shipping-taxable","15":"product-type-simple"},"_links":{"self":[{"href":"https:\/\/patenrengas.fi\/index.php?rest_route=\/wp\/v2\/product\/831","targetHints":{"allow":["GET"]}}],"collection":[{"href":"https:\/\/patenrengas.fi\/index.php?rest_route=\/wp\/v2\/product"}],"about":[{"href":"https:\/\/patenrengas.fi\/index.php?rest_route=\/wp\/v2\/types\/product"}],"wp:featuredmedia":[{"embeddable":true,"href":"https:\/\/patenrengas.fi\/index.php?rest_route=\/wp\/v2\/media\/988"}],"wp:attachment":[{"href":"https:\/\/patenrengas.fi\/index.php?rest_route=%2Fwp%2Fv2%2Fmedia&parent=831"}],"wp:term":[{"taxonomy":"product_brand","embeddable":true,"href":"https:\/\/patenrengas.fi\/index.php?rest_route=%2Fwp%2Fv2%2Fproduct_brand&post=831"},{"taxonomy":"product_cat","embeddable":true,"href":"https:\/\/patenrengas.fi\/index.php?rest_route=%2Fwp%2Fv2%2Fproduct_cat&post=831"},{"taxonomy":"product_tag","embeddable":true,"href":"https:\/\/patenrengas.fi\/index.php?rest_route=%2Fwp%2Fv2%2Fproduct_tag&post=831"}],"curies":[{"name":"wp","href":"https:\/\/api.w.org\/{rel}","templated":true}]}}