{"id":827,"date":"2022-11-01T16:25:07","date_gmt":"2022-11-01T16:25:07","guid":{"rendered":"http:\/\/patenrengas.fi\/?post_type=product&#038;p=827"},"modified":"2025-10-25T08:04:04","modified_gmt":"2025-10-25T06:04:04","slug":"sonar-powderhound-pf-9-17%e2%80%b3","status":"publish","type":"product","link":"https:\/\/patenrengas.fi\/?product=sonar-powderhound-pf-9-17%e2%80%b3","title":{"rendered":"Nankang SW-9 17\u2033"},"content":{"rendered":"","protected":false},"excerpt":{"rendered":"<pre>Innovatiivinen kolmikulmainen uutuusnasta murskaa sitkeimm\u00e4nkin j\u00e4\u00e4n. Pohjolan talveen suunniteltu edistyksellinen kumiseos ja moderni pintakuvio takaavat parhaimman pidon.\r\n\r\n<\/pre>\n<p>225\/45 R17 <strong>460\u20ac<br \/>\n<\/strong>215\/60 R17 <strong>520\u20ac<\/strong><br \/>\n215\/55 R17<strong> 490\u20ac (sw-8)<\/strong><br \/>\n225\/50 R17 <strong>490\u20ac<\/strong><br \/>\n215\/50 R17<strong> 490\u20ac<br \/>\n<\/strong><\/p>\n<pre><strong>Hinnat sis\u00e4lt\u00e4\u00e4 rengasty\u00f6t\r\nja tasapainoitukset.<\/strong><\/pre>\n","protected":false},"featured_media":1046,"template":"","meta":[],"product_brand":[],"product_cat":[69,33,47],"product_tag":[21,50,101],"class_list":{"0":"post-827","1":"product","2":"type-product","3":"status-publish","4":"has-post-thumbnail","6":"product_cat-17-nastarengas","7":"product_cat-nastarengas","8":"product_cat-talvirenkaat","9":"product_tag-17tuumaa","10":"product_tag-nasta","11":"product_tag-sonar","13":"first","14":"instock","15":"shipping-taxable","16":"product-type-simple"},"_links":{"self":[{"href":"https:\/\/patenrengas.fi\/index.php?rest_route=\/wp\/v2\/product\/827","targetHints":{"allow":["GET"]}}],"collection":[{"href":"https:\/\/patenrengas.fi\/index.php?rest_route=\/wp\/v2\/product"}],"about":[{"href":"https:\/\/patenrengas.fi\/index.php?rest_route=\/wp\/v2\/types\/product"}],"wp:featuredmedia":[{"embeddable":true,"href":"https:\/\/patenrengas.fi\/index.php?rest_route=\/wp\/v2\/media\/1046"}],"wp:attachment":[{"href":"https:\/\/patenrengas.fi\/index.php?rest_route=%2Fwp%2Fv2%2Fmedia&parent=827"}],"wp:term":[{"taxonomy":"product_brand","embeddable":true,"href":"https:\/\/patenrengas.fi\/index.php?rest_route=%2Fwp%2Fv2%2Fproduct_brand&post=827"},{"taxonomy":"product_cat","embeddable":true,"href":"https:\/\/patenrengas.fi\/index.php?rest_route=%2Fwp%2Fv2%2Fproduct_cat&post=827"},{"taxonomy":"product_tag","embeddable":true,"href":"https:\/\/patenrengas.fi\/index.php?rest_route=%2Fwp%2Fv2%2Fproduct_tag&post=827"}],"curies":[{"name":"wp","href":"https:\/\/api.w.org\/{rel}","templated":true}]}}