{"id":782,"date":"2022-03-31T12:14:45","date_gmt":"2022-03-31T12:14:45","guid":{"rendered":"http:\/\/patenrengas.fi\/?post_type=product&#038;p=782"},"modified":"2026-02-27T15:38:21","modified_gmt":"2026-02-27T13:38:21","slug":"kormoran-vanpro-16","status":"publish","type":"product","link":"https:\/\/patenrengas.fi\/?product=kormoran-vanpro-16","title":{"rendered":"Continental EcoContact5 &#8221;Tarjouser\u00e4&#8221; 16&#8243;"},"content":{"rendered":"<p>ContiEcoContact 5 kes\u00e4rengas, yhdist\u00e4\u00e4 lyhyen jarrutusmatkan ja alhaisen vierint\u00e4vastuksen, kokonaista 20% alhaisempi kuin muissa saman kategorian renkaissa. Mukava ja \u00e4\u00e4net\u00f6n.<\/p>\n","protected":false},"excerpt":{"rendered":"<p>ContiEcoContact 5 kes\u00e4rengas, yhdist\u00e4\u00e4 lyhyen jarrutusmatkan ja alhaisen vierint\u00e4vastuksen.<\/p>\n<p>205\/55R16 <strong>450\u20ac<\/strong><\/p>\n<p><strong>Hinnat sis\u00e4lt\u00e4v\u00e4t asennusty\u00f6n.<\/strong><\/p>\n","protected":false},"featured_media":1122,"template":"","meta":[],"product_brand":[],"product_cat":[94,32],"product_tag":[20,29,100],"class_list":{"0":"post-782","1":"product","2":"type-product","3":"status-publish","4":"has-post-thumbnail","6":"product_cat-16-kesarengas","7":"product_cat-kesarengas","8":"product_tag-16tuumaa","9":"product_tag-kormoran","10":"product_tag-pakettiauto","12":"first","13":"instock","14":"shipping-taxable","15":"product-type-simple"},"_links":{"self":[{"href":"https:\/\/patenrengas.fi\/index.php?rest_route=\/wp\/v2\/product\/782","targetHints":{"allow":["GET"]}}],"collection":[{"href":"https:\/\/patenrengas.fi\/index.php?rest_route=\/wp\/v2\/product"}],"about":[{"href":"https:\/\/patenrengas.fi\/index.php?rest_route=\/wp\/v2\/types\/product"}],"wp:featuredmedia":[{"embeddable":true,"href":"https:\/\/patenrengas.fi\/index.php?rest_route=\/wp\/v2\/media\/1122"}],"wp:attachment":[{"href":"https:\/\/patenrengas.fi\/index.php?rest_route=%2Fwp%2Fv2%2Fmedia&parent=782"}],"wp:term":[{"taxonomy":"product_brand","embeddable":true,"href":"https:\/\/patenrengas.fi\/index.php?rest_route=%2Fwp%2Fv2%2Fproduct_brand&post=782"},{"taxonomy":"product_cat","embeddable":true,"href":"https:\/\/patenrengas.fi\/index.php?rest_route=%2Fwp%2Fv2%2Fproduct_cat&post=782"},{"taxonomy":"product_tag","embeddable":true,"href":"https:\/\/patenrengas.fi\/index.php?rest_route=%2Fwp%2Fv2%2Fproduct_tag&post=782"}],"curies":[{"name":"wp","href":"https:\/\/api.w.org\/{rel}","templated":true}]}}