{"id":780,"date":"2022-03-31T11:52:33","date_gmt":"2022-03-31T11:52:33","guid":{"rendered":"http:\/\/patenrengas.fi\/?post_type=product&#038;p=780"},"modified":"2026-03-19T21:53:28","modified_gmt":"2026-03-19T19:53:28","slug":"kormoran-road-performance-15","status":"publish","type":"product","link":"https:\/\/patenrengas.fi\/?product=kormoran-road-performance-15","title":{"rendered":"Kumho EcoWing ES31 15&#8243;"},"content":{"rendered":"","protected":false},"excerpt":{"rendered":"<p>Kumho Ecowing ES31 on henkil\u00f6autoihin tarkoitettu kes\u00e4rengas, Sen suunnittelu perustuu ekok\u00e4ytt\u00f6\u00f6n optimoituun teknologiaan, jossa alhainen vierint\u00e4vastus auttaa v\u00e4hent\u00e4m\u00e4\u00e4n polttoaineenkulutusta ja parantamaan kilometrisuoritetta.<\/p>\n<p>&nbsp;<\/p>\n<p>185\/60 R15\u00a0<strong> 365\u20ac<\/strong><br \/>\n175\/65 R15 \u00a0<strong>375\u20ac<\/strong><br \/>\n185\/65 R15 \u00a0<strong>360\u20ac<\/strong><br \/>\n195\/65 R15 \u00a0<strong>375\u20ac<\/strong><\/p>\n<p><strong>Hinnat sis\u00e4lt\u00e4v\u00e4t asennusty\u00f6n.<\/strong><\/p>\n","protected":false},"featured_media":1125,"template":"","meta":[],"product_brand":[],"product_cat":[93,32,84],"product_tag":[19,29],"class_list":{"0":"post-780","1":"product","2":"type-product","3":"status-publish","4":"has-post-thumbnail","6":"product_cat-15-kesarengas","7":"product_cat-kesarengas","8":"product_cat-tarjoukset","9":"product_tag-15tuumaa","10":"product_tag-kormoran","12":"first","13":"instock","14":"shipping-taxable","15":"product-type-simple"},"_links":{"self":[{"href":"https:\/\/patenrengas.fi\/index.php?rest_route=\/wp\/v2\/product\/780","targetHints":{"allow":["GET"]}}],"collection":[{"href":"https:\/\/patenrengas.fi\/index.php?rest_route=\/wp\/v2\/product"}],"about":[{"href":"https:\/\/patenrengas.fi\/index.php?rest_route=\/wp\/v2\/types\/product"}],"wp:featuredmedia":[{"embeddable":true,"href":"https:\/\/patenrengas.fi\/index.php?rest_route=\/wp\/v2\/media\/1125"}],"wp:attachment":[{"href":"https:\/\/patenrengas.fi\/index.php?rest_route=%2Fwp%2Fv2%2Fmedia&parent=780"}],"wp:term":[{"taxonomy":"product_brand","embeddable":true,"href":"https:\/\/patenrengas.fi\/index.php?rest_route=%2Fwp%2Fv2%2Fproduct_brand&post=780"},{"taxonomy":"product_cat","embeddable":true,"href":"https:\/\/patenrengas.fi\/index.php?rest_route=%2Fwp%2Fv2%2Fproduct_cat&post=780"},{"taxonomy":"product_tag","embeddable":true,"href":"https:\/\/patenrengas.fi\/index.php?rest_route=%2Fwp%2Fv2%2Fproduct_tag&post=780"}],"curies":[{"name":"wp","href":"https:\/\/api.w.org\/{rel}","templated":true}]}}