{"id":777,"date":"2022-03-31T11:43:53","date_gmt":"2022-03-31T11:43:53","guid":{"rendered":"http:\/\/patenrengas.fi\/?post_type=product&#038;p=777"},"modified":"2026-03-01T17:36:49","modified_gmt":"2026-03-01T15:36:49","slug":"hankook-dynapro-hp2-17","status":"publish","type":"product","link":"https:\/\/patenrengas.fi\/?product=hankook-dynapro-hp2-17","title":{"rendered":"Michelin Primacy 4+ &#8221;Tarjouser\u00e4&#8221; 17&#8243;"},"content":{"rendered":"<pre>Michelinin Euroopassa valmistettu Primacy 4+ on kest\u00e4v\u00e4 ja turvallinen premium-kes\u00e4rengas henkil\u00f6autoihin<\/pre>\n","protected":false},"excerpt":{"rendered":"<pre>Michelinin Euroopassa valmistettu Primacy 4+ on kest\u00e4v\u00e4 ja turvallinen premium-kes\u00e4rengas henkil\u00f6autoihin<\/pre>\n<p>225\/45 R17\u00a0 <strong>550\u20ac<br \/>\n<\/strong>225\/50 R17 <strong>635\u20ac<br \/>\n<\/strong>215\/55 R17 <strong>695\u20ac<\/strong><\/p>\n<p><strong>Hinnat sis\u00e4lt\u00e4v\u00e4t asennusty\u00f6n.<\/strong><\/p>\n","protected":false},"featured_media":287,"template":"","meta":[],"product_brand":[],"product_cat":[95,32],"product_tag":[21,26],"class_list":{"0":"post-777","1":"product","2":"type-product","3":"status-publish","4":"has-post-thumbnail","6":"product_cat-17-kesarengas","7":"product_cat-kesarengas","8":"product_tag-17tuumaa","9":"product_tag-hankook","11":"first","12":"instock","13":"shipping-taxable","14":"product-type-simple"},"_links":{"self":[{"href":"https:\/\/patenrengas.fi\/index.php?rest_route=\/wp\/v2\/product\/777","targetHints":{"allow":["GET"]}}],"collection":[{"href":"https:\/\/patenrengas.fi\/index.php?rest_route=\/wp\/v2\/product"}],"about":[{"href":"https:\/\/patenrengas.fi\/index.php?rest_route=\/wp\/v2\/types\/product"}],"wp:featuredmedia":[{"embeddable":true,"href":"https:\/\/patenrengas.fi\/index.php?rest_route=\/wp\/v2\/media\/287"}],"wp:attachment":[{"href":"https:\/\/patenrengas.fi\/index.php?rest_route=%2Fwp%2Fv2%2Fmedia&parent=777"}],"wp:term":[{"taxonomy":"product_brand","embeddable":true,"href":"https:\/\/patenrengas.fi\/index.php?rest_route=%2Fwp%2Fv2%2Fproduct_brand&post=777"},{"taxonomy":"product_cat","embeddable":true,"href":"https:\/\/patenrengas.fi\/index.php?rest_route=%2Fwp%2Fv2%2Fproduct_cat&post=777"},{"taxonomy":"product_tag","embeddable":true,"href":"https:\/\/patenrengas.fi\/index.php?rest_route=%2Fwp%2Fv2%2Fproduct_tag&post=777"}],"curies":[{"name":"wp","href":"https:\/\/api.w.org\/{rel}","templated":true}]}}