{"id":775,"date":"2022-03-31T11:32:55","date_gmt":"2022-03-31T11:32:55","guid":{"rendered":"http:\/\/patenrengas.fi\/?post_type=product&#038;p=775"},"modified":"2026-03-10T08:47:49","modified_gmt":"2026-03-10T06:47:49","slug":"kormoran-ultra-high-performance-17","status":"publish","type":"product","link":"https:\/\/patenrengas.fi\/?product=kormoran-ultra-high-performance-17","title":{"rendered":"Kumho PS72 Ecsta Sport 17&#8243;"},"content":{"rendered":"<p>Kumho Ecsta Sport PS72 -profiili on suunniteltu tarjoamaan korkean suorituskyvyn kes\u00e4ajoon. Se on suunniteltu maksimaaliseen vetokykyyn, mik\u00e4 mahdollistaa hyv\u00e4n pidon jopa m\u00e4riss\u00e4 olosuhteissa innovatiivisen kumiseoksen ja optimoidun pintakuvion ansiosta, joka tehokkaasti poistaa vett\u00e4.<\/p>\n","protected":false},"excerpt":{"rendered":"<p>T\u00e4m\u00e4 malli erottuu my\u00f6s erinomaisella ajettavuudellaan, vakaudellaan, kaarreajosuorituskyvyll\u00e4\u00e4n ja k\u00e4sitelt\u00e4vyydell\u00e4\u00e4n, mik\u00e4 takaa tarkan ja turvallisen ajokokemuksen kaikissa olosuhteissa.<\/p>\n<p>215\/45 R17\u00a0 <strong>480\u20ac<\/strong><br \/>\n225\/45 R17\u00a0 <strong>440\u20ac<\/strong><br \/>\n235\/45 R17\u00a0<strong> 530\u20ac<br \/>\n<\/strong>205\/50 R17 <strong>520\u20ac<br \/>\n<\/strong>215\/50 R17 <strong>520\u20ac<br \/>\n<\/strong>225\/50 R17 <strong>540\u20ac<br \/>\n<\/strong>205\/55 R17 <strong>530\u20ac<br \/>\n<\/strong>225\/55 R17 <strong>555\u20ac<br \/>\n<\/strong>235\/55 R17 <strong>570\u20ac<\/strong><\/p>\n<p><strong>Hinnat sis\u00e4lt\u00e4v\u00e4t asennusty\u00f6n.<\/strong><\/p>\n","protected":false},"featured_media":1131,"template":"","meta":[],"product_brand":[],"product_cat":[95,32],"product_tag":[21,29],"class_list":{"0":"post-775","1":"product","2":"type-product","3":"status-publish","4":"has-post-thumbnail","6":"product_cat-17-kesarengas","7":"product_cat-kesarengas","8":"product_tag-17tuumaa","9":"product_tag-kormoran","11":"first","12":"instock","13":"shipping-taxable","14":"product-type-simple"},"_links":{"self":[{"href":"https:\/\/patenrengas.fi\/index.php?rest_route=\/wp\/v2\/product\/775","targetHints":{"allow":["GET"]}}],"collection":[{"href":"https:\/\/patenrengas.fi\/index.php?rest_route=\/wp\/v2\/product"}],"about":[{"href":"https:\/\/patenrengas.fi\/index.php?rest_route=\/wp\/v2\/types\/product"}],"wp:featuredmedia":[{"embeddable":true,"href":"https:\/\/patenrengas.fi\/index.php?rest_route=\/wp\/v2\/media\/1131"}],"wp:attachment":[{"href":"https:\/\/patenrengas.fi\/index.php?rest_route=%2Fwp%2Fv2%2Fmedia&parent=775"}],"wp:term":[{"taxonomy":"product_brand","embeddable":true,"href":"https:\/\/patenrengas.fi\/index.php?rest_route=%2Fwp%2Fv2%2Fproduct_brand&post=775"},{"taxonomy":"product_cat","embeddable":true,"href":"https:\/\/patenrengas.fi\/index.php?rest_route=%2Fwp%2Fv2%2Fproduct_cat&post=775"},{"taxonomy":"product_tag","embeddable":true,"href":"https:\/\/patenrengas.fi\/index.php?rest_route=%2Fwp%2Fv2%2Fproduct_tag&post=775"}],"curies":[{"name":"wp","href":"https:\/\/api.w.org\/{rel}","templated":true}]}}