{"id":693,"date":"2021-03-04T14:30:44","date_gmt":"2021-03-04T14:30:44","guid":{"rendered":"http:\/\/patenrengas.fi\/?post_type=product&#038;p=693"},"modified":"2026-03-06T10:55:19","modified_gmt":"2026-03-06T08:55:19","slug":"kormoran-road-18","status":"publish","type":"product","link":"https:\/\/patenrengas.fi\/?product=kormoran-road-18","title":{"rendered":"Hankook Ventus Evo K137 18&#8243;"},"content":{"rendered":"<p>Hankook Ventus Evo on uusimman sukupolven UHP-rengas (Ultra-High-Performance), joka on suunniteltu yhdist\u00e4m\u00e4\u00e4n urheilullisuus, turvallisuus ja tehokkuus. T\u00e4m\u00e4 nelj\u00e4s kehitysversio merkitsee huomattavaa edistysaskelta innovatiivisen rakenteen ansiosta: se yhdist\u00e4\u00e4 korkean pidon m\u00e4r\u00e4ll\u00e4 tiell\u00e4, pienemm\u00e4n vierint\u00e4vastuksen ja parannetun k\u00e4ytt\u00f6i\u00e4n.<\/p>\n<p>Sen kumiseos, joka on kehitetty teko\u00e4lypohjaisen optimoinnin avulla, t\u00e4ht\u00e4\u00e4 silikan tasaisen jakautumiseen renkaan rakenteessa, mik\u00e4 on ratkaisevaa m\u00e4rk\u00e4pidon kannalta. Leve\u00e4t urat helpottavat veden poistumista, v\u00e4hent\u00e4v\u00e4t vesiliirron riski\u00e4 ja auttavat s\u00e4ilytt\u00e4m\u00e4\u00e4n hyv\u00e4n hallinnan my\u00f6s rankoissa kes\u00e4sateissa.<\/p>\n","protected":false},"excerpt":{"rendered":"<p>Suunniteltu tarjoamaan optimaalinen tasapaino urheilullisuuden, turvallisuuden ja tehokkuuden v\u00e4lill\u00e4. T\u00e4m\u00e4 nelj\u00e4s sukupolvi asettaa uudet standardit innovatiivisen rakenteen ansiosta, jossa yhdistyv\u00e4t vahva m\u00e4rk\u00e4pito, alhainen vierint\u00e4vastus ja parempi kest\u00e4vyys.<\/p>\n<p>225\/40 R18\u00a0 <strong>525\u20ac<br \/>\n<\/strong>245\/40 R18<strong> 645\u20ac<br \/>\n<\/strong>225\/45 R18 <strong>670\u20ac<br \/>\n<\/strong>235\/45 R18\u00a0 <strong>690\u20ac<br \/>\n<\/strong>245\/45 R18\u00a0<strong> 695\u20ac<br \/>\n<\/strong>225\/50 R18 <strong>770\u20ac<br \/>\n<\/strong>235\/50 R18 <strong>715\u20ac<br \/>\n<\/strong>235\/55 R18 <strong>670\u20ac<br \/>\n<\/strong>235\/60 R18<strong> 695\u20ac<\/strong><\/p>\n<p><strong>Hinnat sis\u00e4lt\u00e4\u00e4 asennusty\u00f6t.<\/strong><\/p>\n","protected":false},"featured_media":1136,"template":"","meta":[],"product_brand":[],"product_cat":[96,32],"product_tag":[],"class_list":{"0":"post-693","1":"product","2":"type-product","3":"status-publish","4":"has-post-thumbnail","6":"product_cat-18-kesarengas","7":"product_cat-kesarengas","9":"first","10":"instock","11":"shipping-taxable","12":"product-type-simple"},"_links":{"self":[{"href":"https:\/\/patenrengas.fi\/index.php?rest_route=\/wp\/v2\/product\/693","targetHints":{"allow":["GET"]}}],"collection":[{"href":"https:\/\/patenrengas.fi\/index.php?rest_route=\/wp\/v2\/product"}],"about":[{"href":"https:\/\/patenrengas.fi\/index.php?rest_route=\/wp\/v2\/types\/product"}],"wp:featuredmedia":[{"embeddable":true,"href":"https:\/\/patenrengas.fi\/index.php?rest_route=\/wp\/v2\/media\/1136"}],"wp:attachment":[{"href":"https:\/\/patenrengas.fi\/index.php?rest_route=%2Fwp%2Fv2%2Fmedia&parent=693"}],"wp:term":[{"taxonomy":"product_brand","embeddable":true,"href":"https:\/\/patenrengas.fi\/index.php?rest_route=%2Fwp%2Fv2%2Fproduct_brand&post=693"},{"taxonomy":"product_cat","embeddable":true,"href":"https:\/\/patenrengas.fi\/index.php?rest_route=%2Fwp%2Fv2%2Fproduct_cat&post=693"},{"taxonomy":"product_tag","embeddable":true,"href":"https:\/\/patenrengas.fi\/index.php?rest_route=%2Fwp%2Fv2%2Fproduct_tag&post=693"}],"curies":[{"name":"wp","href":"https:\/\/api.w.org\/{rel}","templated":true}]}}