{"id":673,"date":"2021-02-26T08:39:37","date_gmt":"2021-02-26T08:39:37","guid":{"rendered":"http:\/\/patenrengas.fi\/?post_type=product&#038;p=673"},"modified":"2026-03-19T22:19:01","modified_gmt":"2026-03-19T20:19:01","slug":"autogrip-p308-plus-henkiloauton-rengas-15","status":"publish","type":"product","link":"https:\/\/patenrengas.fi\/?product=autogrip-p308-plus-henkiloauton-rengas-15","title":{"rendered":"Road Rider Strada 15&#8243;"},"content":{"rendered":"","protected":false},"excerpt":{"rendered":"<p>&nbsp;<\/p>\n<p>175\/65 R15<strong> 295\u20ac<br \/>\n<\/strong>185\/65 R15 <strong>310\u20ac<\/strong><br \/>\n195\/65 R15 <strong>300\u20ac<br \/>\n<\/strong>205\/65R 15 <strong>325<\/strong><strong>\u20ac<\/strong><\/p>\n<p><strong>Hinnat sis\u00e4lt\u00e4\u00e4 asennusty\u00f6t<\/strong><\/p>\n","protected":false},"featured_media":1168,"template":"","meta":[],"product_brand":[],"product_cat":[93,32],"product_tag":[17,18,19,20,21,22,23,24,31],"class_list":{"0":"post-673","1":"product","2":"type-product","3":"status-publish","4":"has-post-thumbnail","6":"product_cat-15-kesarengas","7":"product_cat-kesarengas","8":"product_tag-13tuumaa","9":"product_tag-14tuumaa","10":"product_tag-15tuumaa","11":"product_tag-16tuumaa","12":"product_tag-17tuumaa","13":"product_tag-18tuumaa","14":"product_tag-19tuumaa","15":"product_tag-20tuumaa","16":"product_tag-autogrip","18":"first","19":"instock","20":"shipping-taxable","21":"product-type-simple"},"_links":{"self":[{"href":"https:\/\/patenrengas.fi\/index.php?rest_route=\/wp\/v2\/product\/673","targetHints":{"allow":["GET"]}}],"collection":[{"href":"https:\/\/patenrengas.fi\/index.php?rest_route=\/wp\/v2\/product"}],"about":[{"href":"https:\/\/patenrengas.fi\/index.php?rest_route=\/wp\/v2\/types\/product"}],"wp:featuredmedia":[{"embeddable":true,"href":"https:\/\/patenrengas.fi\/index.php?rest_route=\/wp\/v2\/media\/1168"}],"wp:attachment":[{"href":"https:\/\/patenrengas.fi\/index.php?rest_route=%2Fwp%2Fv2%2Fmedia&parent=673"}],"wp:term":[{"taxonomy":"product_brand","embeddable":true,"href":"https:\/\/patenrengas.fi\/index.php?rest_route=%2Fwp%2Fv2%2Fproduct_brand&post=673"},{"taxonomy":"product_cat","embeddable":true,"href":"https:\/\/patenrengas.fi\/index.php?rest_route=%2Fwp%2Fv2%2Fproduct_cat&post=673"},{"taxonomy":"product_tag","embeddable":true,"href":"https:\/\/patenrengas.fi\/index.php?rest_route=%2Fwp%2Fv2%2Fproduct_tag&post=673"}],"curies":[{"name":"wp","href":"https:\/\/api.w.org\/{rel}","templated":true}]}}