{"id":666,"date":"2021-02-26T08:28:15","date_gmt":"2021-02-26T08:28:15","guid":{"rendered":"http:\/\/patenrengas.fi\/?post_type=product&#038;p=666"},"modified":"2026-02-27T15:36:31","modified_gmt":"2026-02-27T13:36:31","slug":"hankook-ventus-prime-3-16","status":"publish","type":"product","link":"https:\/\/patenrengas.fi\/?product=hankook-ventus-prime-3-16","title":{"rendered":"Michelin Primacy 4+ &#8221;Tarjouser\u00e4&#8221; 16&#8243;"},"content":{"rendered":"<p class=\"tyredocAutoFormat\">Michelinin Euroopassa valmistettu Primacy 4+ on kest\u00e4v\u00e4 ja turvallinen premium-kes\u00e4rengas henkil\u00f6autoihin. Ainutlaatuinen jarrutuskyky m\u00e4r\u00e4ll\u00e4 tiell\u00e4 &#8211; ensimm\u00e4isest\u00e4 kilometrist\u00e4 viimeiseen.\u00a0Primacy 4+ on suunniteltu siten, ett\u00e4 se s\u00e4ilytt\u00e4\u00e4 turvallisuutensa erityisen hyvin my\u00f6s kuluneena.<\/p>\n<p class=\"tyredocAutoFormat\">Michelin Primacy 4+ rengas kest\u00e4\u00e4 jopa 18 000 km pidemp\u00e4\u00e4n kuin kilpailijansa.<\/p>\n","protected":false},"excerpt":{"rendered":"<p>Michelinin Euroopassa valmistettu Primacy 4+ on kest\u00e4v\u00e4 ja turvallinen premium-kes\u00e4rengas henkil\u00f6autoihin<\/p>\n<p>205\/55&#215;16 <strong>460<\/strong><strong>\u20ac<\/strong><strong><br \/>\n<\/strong>205\/60&#215;16 <strong>580\u20ac<\/strong><\/p>\n<p><strong>Hinnat sis\u00e4lt\u00e4v\u00e4t asennusty\u00f6n.<\/strong><\/p>\n","protected":false},"featured_media":271,"template":"","meta":[],"product_brand":[],"product_cat":[94,32],"product_tag":[17,18,19,20,21,22,26,98],"class_list":{"0":"post-666","1":"product","2":"type-product","3":"status-publish","4":"has-post-thumbnail","6":"product_cat-16-kesarengas","7":"product_cat-kesarengas","8":"product_tag-13tuumaa","9":"product_tag-14tuumaa","10":"product_tag-15tuumaa","11":"product_tag-16tuumaa","12":"product_tag-17tuumaa","13":"product_tag-18tuumaa","14":"product_tag-hankook","15":"product_tag-ventus","17":"first","18":"instock","19":"shipping-taxable","20":"product-type-simple"},"_links":{"self":[{"href":"https:\/\/patenrengas.fi\/index.php?rest_route=\/wp\/v2\/product\/666","targetHints":{"allow":["GET"]}}],"collection":[{"href":"https:\/\/patenrengas.fi\/index.php?rest_route=\/wp\/v2\/product"}],"about":[{"href":"https:\/\/patenrengas.fi\/index.php?rest_route=\/wp\/v2\/types\/product"}],"wp:featuredmedia":[{"embeddable":true,"href":"https:\/\/patenrengas.fi\/index.php?rest_route=\/wp\/v2\/media\/271"}],"wp:attachment":[{"href":"https:\/\/patenrengas.fi\/index.php?rest_route=%2Fwp%2Fv2%2Fmedia&parent=666"}],"wp:term":[{"taxonomy":"product_brand","embeddable":true,"href":"https:\/\/patenrengas.fi\/index.php?rest_route=%2Fwp%2Fv2%2Fproduct_brand&post=666"},{"taxonomy":"product_cat","embeddable":true,"href":"https:\/\/patenrengas.fi\/index.php?rest_route=%2Fwp%2Fv2%2Fproduct_cat&post=666"},{"taxonomy":"product_tag","embeddable":true,"href":"https:\/\/patenrengas.fi\/index.php?rest_route=%2Fwp%2Fv2%2Fproduct_tag&post=666"}],"curies":[{"name":"wp","href":"https:\/\/api.w.org\/{rel}","templated":true}]}}