{"id":474,"date":"2020-10-13T11:06:51","date_gmt":"2020-10-13T11:06:51","guid":{"rendered":"http:\/\/patenrengas.fi\/?post_type=product&#038;p=474"},"modified":"2024-10-08T21:13:24","modified_gmt":"2024-10-08T19:13:24","slug":"kormoran-stud2-17","status":"publish","type":"product","link":"https:\/\/patenrengas.fi\/?product=kormoran-stud2-17","title":{"rendered":"Kormoran Stud2 17&#8243;"},"content":{"rendered":"","protected":false},"excerpt":{"rendered":"<p>Budjetti rengas. Michelin konsernin tuote. Hyv\u00e4 vaihtoehto jos tarvitset edullista nastarengasta, valmistetaan euroopassa. Leve\u00e4t urat antaa pitoa irtolumessa ja nastat j\u00e4\u00e4ll\u00e4.<\/p>\n<p>225\/45 R17<strong> 520\u20ac<br \/>\n<\/strong>225\/50 R17<strong> 530\u20ac<br \/>\n<\/strong>215\/55 R17 <strong>530\u20ac<br \/>\n<\/strong>225\/55 R17<strong> 550\u20ac<\/strong><\/p>\n<p>&nbsp;<\/p>\n<p>&nbsp;<\/p>\n<pre><strong>Hinnat sis\u00e4lt\u00e4\u00e4 rengasty\u00f6t\r\nja tasapainoitukset.<\/strong><\/pre>\n","protected":false},"featured_media":470,"template":"","meta":[],"product_brand":[],"product_cat":[69,33],"product_tag":[21,29,80],"class_list":{"0":"post-474","1":"product","2":"type-product","3":"status-publish","4":"has-post-thumbnail","6":"product_cat-17-nastarengas","7":"product_cat-nastarengas","8":"product_tag-17tuumaa","9":"product_tag-kormoran","10":"product_tag-stud2","12":"first","13":"instock","14":"shipping-taxable","15":"product-type-simple"},"_links":{"self":[{"href":"https:\/\/patenrengas.fi\/index.php?rest_route=\/wp\/v2\/product\/474","targetHints":{"allow":["GET"]}}],"collection":[{"href":"https:\/\/patenrengas.fi\/index.php?rest_route=\/wp\/v2\/product"}],"about":[{"href":"https:\/\/patenrengas.fi\/index.php?rest_route=\/wp\/v2\/types\/product"}],"wp:featuredmedia":[{"embeddable":true,"href":"https:\/\/patenrengas.fi\/index.php?rest_route=\/wp\/v2\/media\/470"}],"wp:attachment":[{"href":"https:\/\/patenrengas.fi\/index.php?rest_route=%2Fwp%2Fv2%2Fmedia&parent=474"}],"wp:term":[{"taxonomy":"product_brand","embeddable":true,"href":"https:\/\/patenrengas.fi\/index.php?rest_route=%2Fwp%2Fv2%2Fproduct_brand&post=474"},{"taxonomy":"product_cat","embeddable":true,"href":"https:\/\/patenrengas.fi\/index.php?rest_route=%2Fwp%2Fv2%2Fproduct_cat&post=474"},{"taxonomy":"product_tag","embeddable":true,"href":"https:\/\/patenrengas.fi\/index.php?rest_route=%2Fwp%2Fv2%2Fproduct_tag&post=474"}],"curies":[{"name":"wp","href":"https:\/\/api.w.org\/{rel}","templated":true}]}}