{"id":472,"date":"2020-10-13T11:02:05","date_gmt":"2020-10-13T11:02:05","guid":{"rendered":"http:\/\/patenrengas.fi\/?post_type=product&#038;p=472"},"modified":"2024-10-08T22:12:14","modified_gmt":"2024-10-08T20:12:14","slug":"kormoran-stud2-15","status":"publish","type":"product","link":"https:\/\/patenrengas.fi\/?product=kormoran-stud2-15","title":{"rendered":"Kormoran Stud2 15&#8243;"},"content":{"rendered":"","protected":false},"excerpt":{"rendered":"<p>Budjetti rengas. Michelin konsernin tuote. Hyv\u00e4 vaihtoehto jos tarvitset edullista nastarengasta, valmistetaan euroopassa. Leve\u00e4t urat antaa pitoa irtolumessa ja nastat j\u00e4\u00e4ll\u00e4.<\/p>\n<p>185\/60 R15<strong> 410\u20ac<br \/>\n<\/strong>185\/65 R15 <strong>410\u20ac<br \/>\n<\/strong>195\/65 R15<strong> 410\u20ac<br \/>\n<\/strong>205\/65 R15<strong> 470\u20ac<br \/>\n<\/strong><\/p>\n<p>&nbsp;<\/p>\n<pre><strong>Hinnat sis\u00e4lt\u00e4\u00e4 rengasty\u00f6t\r\nja tasapainoitukset<\/strong>.<\/pre>\n","protected":false},"featured_media":470,"template":"","meta":[],"product_brand":[],"product_cat":[67,33],"product_tag":[19,29,80],"class_list":{"0":"post-472","1":"product","2":"type-product","3":"status-publish","4":"has-post-thumbnail","6":"product_cat-15-nastarengas","7":"product_cat-nastarengas","8":"product_tag-15tuumaa","9":"product_tag-kormoran","10":"product_tag-stud2","12":"first","13":"instock","14":"shipping-taxable","15":"product-type-simple"},"_links":{"self":[{"href":"https:\/\/patenrengas.fi\/index.php?rest_route=\/wp\/v2\/product\/472","targetHints":{"allow":["GET"]}}],"collection":[{"href":"https:\/\/patenrengas.fi\/index.php?rest_route=\/wp\/v2\/product"}],"about":[{"href":"https:\/\/patenrengas.fi\/index.php?rest_route=\/wp\/v2\/types\/product"}],"wp:featuredmedia":[{"embeddable":true,"href":"https:\/\/patenrengas.fi\/index.php?rest_route=\/wp\/v2\/media\/470"}],"wp:attachment":[{"href":"https:\/\/patenrengas.fi\/index.php?rest_route=%2Fwp%2Fv2%2Fmedia&parent=472"}],"wp:term":[{"taxonomy":"product_brand","embeddable":true,"href":"https:\/\/patenrengas.fi\/index.php?rest_route=%2Fwp%2Fv2%2Fproduct_brand&post=472"},{"taxonomy":"product_cat","embeddable":true,"href":"https:\/\/patenrengas.fi\/index.php?rest_route=%2Fwp%2Fv2%2Fproduct_cat&post=472"},{"taxonomy":"product_tag","embeddable":true,"href":"https:\/\/patenrengas.fi\/index.php?rest_route=%2Fwp%2Fv2%2Fproduct_tag&post=472"}],"curies":[{"name":"wp","href":"https:\/\/api.w.org\/{rel}","templated":true}]}}