{"id":469,"date":"2020-10-13T10:59:57","date_gmt":"2020-10-13T10:59:57","guid":{"rendered":"http:\/\/patenrengas.fi\/?post_type=product&#038;p=469"},"modified":"2024-10-08T22:08:25","modified_gmt":"2024-10-08T20:08:25","slug":"kormoran-stud2-13","status":"publish","type":"product","link":"https:\/\/patenrengas.fi\/?product=kormoran-stud2-13","title":{"rendered":"Kormoran Stud 13&#8243;"},"content":{"rendered":"","protected":false},"excerpt":{"rendered":"<p>175\/70 R13 <strong>370\u20ac<\/strong><\/p>\n<p>&nbsp;<\/p>\n<p><strong>Hinnat sis\u00e4lt\u00e4\u00e4 rengasty\u00f6t<br \/>\n<\/strong><strong>ja tasapainoitukset.<\/strong><\/p>\n","protected":false},"featured_media":470,"template":"","meta":[],"product_brand":[],"product_cat":[65,33],"product_tag":[17,29,80],"class_list":{"0":"post-469","1":"product","2":"type-product","3":"status-publish","4":"has-post-thumbnail","6":"product_cat-13-nastarengas","7":"product_cat-nastarengas","8":"product_tag-13tuumaa","9":"product_tag-kormoran","10":"product_tag-stud2","12":"first","13":"instock","14":"shipping-taxable","15":"product-type-simple"},"_links":{"self":[{"href":"https:\/\/patenrengas.fi\/index.php?rest_route=\/wp\/v2\/product\/469","targetHints":{"allow":["GET"]}}],"collection":[{"href":"https:\/\/patenrengas.fi\/index.php?rest_route=\/wp\/v2\/product"}],"about":[{"href":"https:\/\/patenrengas.fi\/index.php?rest_route=\/wp\/v2\/types\/product"}],"wp:featuredmedia":[{"embeddable":true,"href":"https:\/\/patenrengas.fi\/index.php?rest_route=\/wp\/v2\/media\/470"}],"wp:attachment":[{"href":"https:\/\/patenrengas.fi\/index.php?rest_route=%2Fwp%2Fv2%2Fmedia&parent=469"}],"wp:term":[{"taxonomy":"product_brand","embeddable":true,"href":"https:\/\/patenrengas.fi\/index.php?rest_route=%2Fwp%2Fv2%2Fproduct_brand&post=469"},{"taxonomy":"product_cat","embeddable":true,"href":"https:\/\/patenrengas.fi\/index.php?rest_route=%2Fwp%2Fv2%2Fproduct_cat&post=469"},{"taxonomy":"product_tag","embeddable":true,"href":"https:\/\/patenrengas.fi\/index.php?rest_route=%2Fwp%2Fv2%2Fproduct_tag&post=469"}],"curies":[{"name":"wp","href":"https:\/\/api.w.org\/{rel}","templated":true}]}}