{"id":448,"date":"2020-10-13T10:00:12","date_gmt":"2020-10-13T10:00:12","guid":{"rendered":"http:\/\/patenrengas.fi\/?post_type=product&#038;p=448"},"modified":"2024-11-29T13:52:11","modified_gmt":"2024-11-29T11:52:11","slug":"hankook-winter-ipike-rs-2-w429-18","status":"publish","type":"product","link":"https:\/\/patenrengas.fi\/?product=hankook-winter-ipike-rs-2-w429-18","title":{"rendered":"Hankook Winter i*Pike RS 2 W429 18&#8243;"},"content":{"rendered":"<p>Turvallisuuden uusi standardi pohjoisen vaativiin oloihin. Uudenlaista rengasteknologiaa yhdistettyn\u00e4 suomalaisella nastalla ja kehitysty\u00f6ll\u00e4.<\/p>\n","protected":false},"excerpt":{"rendered":"<p>Turvallisuuden uusi standardi pohjoisen vaativiin oloihin.<\/p>\n<p>225\/45 R18\u00a0 <strong>820\u20ac<br \/>\n<\/strong>235\/45 R18 <strong>830\u20ac<\/strong><br \/>\n245\/40 R18 <strong>890\u20ac<br \/>\n<\/strong>245\/45 R18 <strong>860\u20ac<\/strong><\/p>\n<p>&nbsp;<\/p>\n<pre><strong>Hinnat sis\u00e4lt\u00e4\u00e4 rengasty\u00f6t\r\nja tasapainoitukset.<\/strong><\/pre>\n","protected":false},"featured_media":294,"template":"","meta":[],"product_brand":[],"product_cat":[70,33],"product_tag":[22,26,75,76],"class_list":{"0":"post-448","1":"product","2":"type-product","3":"status-publish","4":"has-post-thumbnail","6":"product_cat-18-nastarengas","7":"product_cat-nastarengas","8":"product_tag-18tuumaa","9":"product_tag-hankook","10":"product_tag-ipike","11":"product_tag-rs-2","13":"first","14":"instock","15":"shipping-taxable","16":"product-type-simple"},"_links":{"self":[{"href":"https:\/\/patenrengas.fi\/index.php?rest_route=\/wp\/v2\/product\/448","targetHints":{"allow":["GET"]}}],"collection":[{"href":"https:\/\/patenrengas.fi\/index.php?rest_route=\/wp\/v2\/product"}],"about":[{"href":"https:\/\/patenrengas.fi\/index.php?rest_route=\/wp\/v2\/types\/product"}],"wp:featuredmedia":[{"embeddable":true,"href":"https:\/\/patenrengas.fi\/index.php?rest_route=\/wp\/v2\/media\/294"}],"wp:attachment":[{"href":"https:\/\/patenrengas.fi\/index.php?rest_route=%2Fwp%2Fv2%2Fmedia&parent=448"}],"wp:term":[{"taxonomy":"product_brand","embeddable":true,"href":"https:\/\/patenrengas.fi\/index.php?rest_route=%2Fwp%2Fv2%2Fproduct_brand&post=448"},{"taxonomy":"product_cat","embeddable":true,"href":"https:\/\/patenrengas.fi\/index.php?rest_route=%2Fwp%2Fv2%2Fproduct_cat&post=448"},{"taxonomy":"product_tag","embeddable":true,"href":"https:\/\/patenrengas.fi\/index.php?rest_route=%2Fwp%2Fv2%2Fproduct_tag&post=448"}],"curies":[{"name":"wp","href":"https:\/\/api.w.org\/{rel}","templated":true}]}}