{"id":445,"date":"2020-10-13T09:45:52","date_gmt":"2020-10-13T09:45:52","guid":{"rendered":"http:\/\/patenrengas.fi\/?post_type=product&#038;p=445"},"modified":"2025-10-10T07:36:29","modified_gmt":"2025-10-10T05:36:29","slug":"hankook-winter-ipike-rs-2-w429-15","status":"publish","type":"product","link":"https:\/\/patenrengas.fi\/?product=hankook-winter-ipike-rs-2-w429-15","title":{"rendered":"Hankook Winter i*Pike RS 2 W429 15&#8243;"},"content":{"rendered":"<p>Turvallisuuden uusi standardi pohjoisen vaativiin oloihin. Uudenlaista rengasteknologiaa yhdistettyn\u00e4 suomalaisella nastalla ja kehitysty\u00f6ll\u00e4.<\/p>\n","protected":false},"excerpt":{"rendered":"<p>Premium rengas. Hankook RS2, Todella hyv\u00e4 nastarengas. Pitk\u00e4 k\u00e4ytt\u00f6ik\u00e4 ja pitoa riitt\u00e4\u00e4 niin j\u00e4\u00e4ll\u00e4 kuin lumellakin. Tekniikan maailman talvirengastesti 2022 toinen sija.<\/p>\n<p>185\/60 R15<strong> 460\u20ac<br \/>\n<\/strong>175\/65 R15<strong>\u00a0 460\u20ac<br \/>\n<\/strong>185\/65 R15<strong> 440\u20ac<br \/>\n<\/strong>195\/65 R15 <strong>460\u20ac<\/strong><\/p>\n<p>&nbsp;<\/p>\n<pre><strong>Hinnat sis\u00e4lt\u00e4\u00e4 rengasty\u00f6t\r\nja tasapainoitukset.<\/strong><\/pre>\n","protected":false},"featured_media":294,"template":"","meta":[],"product_brand":[],"product_cat":[67,33],"product_tag":[19,26,75,76],"class_list":{"0":"post-445","1":"product","2":"type-product","3":"status-publish","4":"has-post-thumbnail","6":"product_cat-15-nastarengas","7":"product_cat-nastarengas","8":"product_tag-15tuumaa","9":"product_tag-hankook","10":"product_tag-ipike","11":"product_tag-rs-2","13":"first","14":"instock","15":"shipping-taxable","16":"product-type-simple"},"_links":{"self":[{"href":"https:\/\/patenrengas.fi\/index.php?rest_route=\/wp\/v2\/product\/445","targetHints":{"allow":["GET"]}}],"collection":[{"href":"https:\/\/patenrengas.fi\/index.php?rest_route=\/wp\/v2\/product"}],"about":[{"href":"https:\/\/patenrengas.fi\/index.php?rest_route=\/wp\/v2\/types\/product"}],"wp:featuredmedia":[{"embeddable":true,"href":"https:\/\/patenrengas.fi\/index.php?rest_route=\/wp\/v2\/media\/294"}],"wp:attachment":[{"href":"https:\/\/patenrengas.fi\/index.php?rest_route=%2Fwp%2Fv2%2Fmedia&parent=445"}],"wp:term":[{"taxonomy":"product_brand","embeddable":true,"href":"https:\/\/patenrengas.fi\/index.php?rest_route=%2Fwp%2Fv2%2Fproduct_brand&post=445"},{"taxonomy":"product_cat","embeddable":true,"href":"https:\/\/patenrengas.fi\/index.php?rest_route=%2Fwp%2Fv2%2Fproduct_cat&post=445"},{"taxonomy":"product_tag","embeddable":true,"href":"https:\/\/patenrengas.fi\/index.php?rest_route=%2Fwp%2Fv2%2Fproduct_tag&post=445"}],"curies":[{"name":"wp","href":"https:\/\/api.w.org\/{rel}","templated":true}]}}