{"id":442,"date":"2020-10-13T09:36:59","date_gmt":"2020-10-13T09:36:59","guid":{"rendered":"http:\/\/patenrengas.fi\/?post_type=product&#038;p=442"},"modified":"2021-08-24T07:21:34","modified_gmt":"2021-08-24T07:21:34","slug":"hankook-winter-icept-iz2-w616-18","status":"publish","type":"product","link":"https:\/\/patenrengas.fi\/?product=hankook-winter-icept-iz2-w616-18","title":{"rendered":"Hankook Winter i*cept iZ2 W616 18&#8243;"},"content":{"rendered":"<p>Hankookin uusin kitkarengas henkil\u00f6autoille. Menestyneen edelt\u00e4j\u00e4ns\u00e4 pohjalta suunniteltu versio, joka vastaa entist\u00e4 paremmin Pohjolan vaihtelevien \u00e4\u00e4riolosuhteiden haasteisiin.<\/p>\n","protected":false},"excerpt":{"rendered":"<p>Hankookin uusin kitkarengas henkil\u00f6autoille.<\/p>\n<p>225\/40&#215;18\u00a0<strong><br \/>\n<\/strong>225\/45&#215;18\u00a0<strong><br \/>\n<\/strong>245\/45&#215;18\u00a0<strong><br \/>\n<\/strong>245\/45&#215;18<\/p>\n","protected":false},"featured_media":296,"template":"","meta":[],"product_brand":[],"product_cat":[62,34],"product_tag":[22,26,73,74],"class_list":{"0":"post-442","1":"product","2":"type-product","3":"status-publish","4":"has-post-thumbnail","6":"product_cat-62","7":"product_cat-kitkarengas","8":"product_tag-18tuumaa","9":"product_tag-hankook","10":"product_tag-icept","11":"product_tag-iz2","13":"first","14":"instock","15":"shipping-taxable","16":"product-type-simple"},"_links":{"self":[{"href":"https:\/\/patenrengas.fi\/index.php?rest_route=\/wp\/v2\/product\/442","targetHints":{"allow":["GET"]}}],"collection":[{"href":"https:\/\/patenrengas.fi\/index.php?rest_route=\/wp\/v2\/product"}],"about":[{"href":"https:\/\/patenrengas.fi\/index.php?rest_route=\/wp\/v2\/types\/product"}],"wp:featuredmedia":[{"embeddable":true,"href":"https:\/\/patenrengas.fi\/index.php?rest_route=\/wp\/v2\/media\/296"}],"wp:attachment":[{"href":"https:\/\/patenrengas.fi\/index.php?rest_route=%2Fwp%2Fv2%2Fmedia&parent=442"}],"wp:term":[{"taxonomy":"product_brand","embeddable":true,"href":"https:\/\/patenrengas.fi\/index.php?rest_route=%2Fwp%2Fv2%2Fproduct_brand&post=442"},{"taxonomy":"product_cat","embeddable":true,"href":"https:\/\/patenrengas.fi\/index.php?rest_route=%2Fwp%2Fv2%2Fproduct_cat&post=442"},{"taxonomy":"product_tag","embeddable":true,"href":"https:\/\/patenrengas.fi\/index.php?rest_route=%2Fwp%2Fv2%2Fproduct_tag&post=442"}],"curies":[{"name":"wp","href":"https:\/\/api.w.org\/{rel}","templated":true}]}}