{"id":427,"date":"2020-10-13T08:47:25","date_gmt":"2020-10-13T08:47:25","guid":{"rendered":"http:\/\/patenrengas.fi\/?post_type=product&#038;p=427"},"modified":"2021-08-24T07:24:09","modified_gmt":"2021-08-24T07:24:09","slug":"michelin-x-ice-snow","status":"publish","type":"product","link":"https:\/\/patenrengas.fi\/?product=michelin-x-ice-snow","title":{"rendered":"Michelin X-ice SNOW 16&#8243;"},"content":{"rendered":"<p><strong>Nastaton talvirengas turvalliseen ajoon pohjoismaisiin talviolosuhteisiin.<\/strong><\/p>\n<p><strong>Turvallisuutta lumella ja j\u00e4\u00e4ll\u00e4.<\/strong><\/p>\n<p>Ykk\u00f6nen jarrutuksessa j\u00e4\u00e4ll\u00e4 &#8211; Lyhyempi jarrutusmatka ja parempi liikkeellel\u00e4ht\u00f6kyky lumella. Optimoitu pintakuvio takaa hyv\u00e4n ajovakauden ja v\u00e4h\u00e4isemm\u00e4n rengasmelun.<\/p>\n","protected":false},"excerpt":{"rendered":"<p>Nastaton talvirengas turvalliseen ajoon pohjoismaisiin talviolosuhteisiin.<\/p>\n<p>205\/55&#215;16\u00a0<strong><br \/>\n<\/strong>205\/60&#215;16\u00a0<strong><br \/>\n<\/strong>215\/65&#215;16<\/p>\n","protected":false},"featured_media":302,"template":"","meta":[],"product_brand":[],"product_cat":[60,34],"product_tag":[20,27,63,64],"class_list":{"0":"post-427","1":"product","2":"type-product","3":"status-publish","4":"has-post-thumbnail","6":"product_cat-60","7":"product_cat-kitkarengas","8":"product_tag-16tuumaa","9":"product_tag-michelin","10":"product_tag-x-ice","11":"product_tag-x-ice-snow","13":"first","14":"instock","15":"shipping-taxable","16":"product-type-simple"},"_links":{"self":[{"href":"https:\/\/patenrengas.fi\/index.php?rest_route=\/wp\/v2\/product\/427","targetHints":{"allow":["GET"]}}],"collection":[{"href":"https:\/\/patenrengas.fi\/index.php?rest_route=\/wp\/v2\/product"}],"about":[{"href":"https:\/\/patenrengas.fi\/index.php?rest_route=\/wp\/v2\/types\/product"}],"wp:featuredmedia":[{"embeddable":true,"href":"https:\/\/patenrengas.fi\/index.php?rest_route=\/wp\/v2\/media\/302"}],"wp:attachment":[{"href":"https:\/\/patenrengas.fi\/index.php?rest_route=%2Fwp%2Fv2%2Fmedia&parent=427"}],"wp:term":[{"taxonomy":"product_brand","embeddable":true,"href":"https:\/\/patenrengas.fi\/index.php?rest_route=%2Fwp%2Fv2%2Fproduct_brand&post=427"},{"taxonomy":"product_cat","embeddable":true,"href":"https:\/\/patenrengas.fi\/index.php?rest_route=%2Fwp%2Fv2%2Fproduct_cat&post=427"},{"taxonomy":"product_tag","embeddable":true,"href":"https:\/\/patenrengas.fi\/index.php?rest_route=%2Fwp%2Fv2%2Fproduct_tag&post=427"}],"curies":[{"name":"wp","href":"https:\/\/api.w.org\/{rel}","templated":true}]}}