{"id":1153,"date":"2026-03-03T22:22:15","date_gmt":"2026-03-03T20:22:15","guid":{"rendered":"https:\/\/patenrengas.fi\/?post_type=product&#038;p=1153"},"modified":"2026-03-06T11:05:44","modified_gmt":"2026-03-06T09:05:44","slug":"hankook-ion-evo-ik01-20","status":"publish","type":"product","link":"https:\/\/patenrengas.fi\/?product=hankook-ion-evo-ik01-20","title":{"rendered":"Hankook iON Evo IK01 20&#8243;"},"content":{"rendered":"<p>Hankook Ventus ION IK01 on rengas joka yhdist\u00e4\u00e4 kest\u00e4vyyden ja ekologisen suorituskyvyn. Se on suunniteltu erityisesti s\u00e4hk\u00f6autoille, se v\u00e4hent\u00e4\u00e4 vierint\u00e4melua ja parantaa energiatehokkuutta, tarjoten siten mukavan ja taloudellisen ajokokemuksen. T\u00e4m\u00e4 rengas on t\u00e4ydellinen s\u00e4hk\u00f6autoilijoille, jotka etsiv\u00e4t luotettavaa ja ymp\u00e4rist\u00f6yst\u00e4v\u00e4llist\u00e4 suorituskyky\u00e4. Sen vahvistettu rakenne takaa lis\u00e4\u00e4ntyneen kest\u00e4vyyden, kun taas kulutuspinnan seos minimoi vierint\u00e4vastuksen paremman toimintas\u00e4teen saavuttamiseksi. Kulutuspinnan urat on optimoitu parempaan pitoon m\u00e4r\u00e4ll\u00e4 pinnalla, mik\u00e4 takaa turvallisuuden ja hallinnan. Ventus ION IK01 on merkitt\u00e4v\u00e4 edistysaskel s\u00e4hk\u00f6auton renkaiden teknologiassa, tarjoten ihanteellisen yhdistelm\u00e4n ominaisuuksia ymp\u00e4rist\u00f6vaikutuksistaan tietoisille kuljettajille.<\/p>\n","protected":false},"excerpt":{"rendered":"<p>Huippu Uutuus. Alusta loppuun tehty s\u00e4hk\u00f6autoihin. Pidempi toimintamatka ja turvallista s\u00e4hk\u00f6autoilua.<\/p>\n<p>255\/40 R20<strong> 1110\u20ac<br \/>\n<\/strong>285\/40 R20 <strong>1360\u20ac<br \/>\n<\/strong>235\/45 R20<strong> 1080\u20ac<br \/>\n<\/strong>245\/45 R20<strong> 1165\u20ac<br \/>\n<\/strong>255\/45 R20<strong> 1190\u20ac<br \/>\n<\/strong>265\/45 R20<strong> 1290\u20ac<br \/>\n<\/strong>275\/40 R20<strong> 1150\u20ac<br \/>\n<\/strong><\/p>\n<p><strong>Hinnat sis\u00e4lt\u00e4\u00e4 asennusty\u00f6t.<\/strong><\/p>\n","protected":false},"featured_media":1018,"template":"","meta":[],"product_brand":[],"product_cat":[106,32],"product_tag":[],"class_list":{"0":"post-1153","1":"product","2":"type-product","3":"status-publish","4":"has-post-thumbnail","6":"product_cat-106","7":"product_cat-kesarengas","9":"first","10":"instock","11":"shipping-taxable","12":"product-type-simple"},"_links":{"self":[{"href":"https:\/\/patenrengas.fi\/index.php?rest_route=\/wp\/v2\/product\/1153","targetHints":{"allow":["GET"]}}],"collection":[{"href":"https:\/\/patenrengas.fi\/index.php?rest_route=\/wp\/v2\/product"}],"about":[{"href":"https:\/\/patenrengas.fi\/index.php?rest_route=\/wp\/v2\/types\/product"}],"wp:featuredmedia":[{"embeddable":true,"href":"https:\/\/patenrengas.fi\/index.php?rest_route=\/wp\/v2\/media\/1018"}],"wp:attachment":[{"href":"https:\/\/patenrengas.fi\/index.php?rest_route=%2Fwp%2Fv2%2Fmedia&parent=1153"}],"wp:term":[{"taxonomy":"product_brand","embeddable":true,"href":"https:\/\/patenrengas.fi\/index.php?rest_route=%2Fwp%2Fv2%2Fproduct_brand&post=1153"},{"taxonomy":"product_cat","embeddable":true,"href":"https:\/\/patenrengas.fi\/index.php?rest_route=%2Fwp%2Fv2%2Fproduct_cat&post=1153"},{"taxonomy":"product_tag","embeddable":true,"href":"https:\/\/patenrengas.fi\/index.php?rest_route=%2Fwp%2Fv2%2Fproduct_tag&post=1153"}],"curies":[{"name":"wp","href":"https:\/\/api.w.org\/{rel}","templated":true}]}}