{"id":1152,"date":"2026-03-03T22:15:07","date_gmt":"2026-03-03T20:15:07","guid":{"rendered":"https:\/\/patenrengas.fi\/?post_type=product&#038;p=1152"},"modified":"2026-03-06T11:04:18","modified_gmt":"2026-03-06T09:04:18","slug":"hankook-ventus-evo-k137-20","status":"publish","type":"product","link":"https:\/\/patenrengas.fi\/?product=hankook-ventus-evo-k137-20","title":{"rendered":"Hankook Ventus Evo K137 20&#8243;"},"content":{"rendered":"<pre>Suunniteltu tarjoamaan optimaalinen tasapaino urheilullisuuden, turvallisuuden ja tehokkuuden v\u00e4lill\u00e4. T\u00e4m\u00e4 nelj\u00e4s sukupolvi asettaa uudet standardit innovatiivisen rakenteen ansiosta, jossa yhdistyv\u00e4t vahva m\u00e4rk\u00e4pito, alhainen vierint\u00e4vastus ja parempi kest\u00e4vyys.<\/pre>\n","protected":false},"excerpt":{"rendered":"<pre>Suunniteltu tarjoamaan optimaalinen tasapaino urheilullisuuden, turvallisuuden ja tehokkuuden v\u00e4lill\u00e4. T\u00e4m\u00e4 nelj\u00e4s sukupolvi asettaa uudet standardit innovatiivisen rakenteen ansiosta, jossa yhdistyv\u00e4t vahva m\u00e4rk\u00e4pito, alhainen vierint\u00e4vastus ja parempi kest\u00e4vyys.\r\n\r\n225\/35 R20 <strong>950\u20ac\r\n<\/strong>245\/35 R20 <strong>930\u20ac\r\n<\/strong>255\/35 R20 <strong>870\u20ac\r\n<\/strong>245\/40 R20 <strong>980\u20ac\r\n<\/strong>255\/40 R20 <strong>990\u20ac\r\n<\/strong>275\/40 R20 <strong>960\u20ac\r\n<\/strong>245\/45 R20 <strong>990\u20ac\r\n<\/strong>255\/45 R20 <strong>1045\u20ac\r\n<\/strong>275\/45 R20 <strong>985\u20ac\r\n\r\nHinnat sis\u00e4lt\u00e4\u00e4 asennusty\u00f6t.<\/strong><\/pre>\n<p>&nbsp;<\/p>\n","protected":false},"featured_media":1136,"template":"","meta":[],"product_brand":[],"product_cat":[106,32],"product_tag":[],"class_list":{"0":"post-1152","1":"product","2":"type-product","3":"status-publish","4":"has-post-thumbnail","6":"product_cat-106","7":"product_cat-kesarengas","9":"first","10":"instock","11":"shipping-taxable","12":"product-type-simple"},"_links":{"self":[{"href":"https:\/\/patenrengas.fi\/index.php?rest_route=\/wp\/v2\/product\/1152","targetHints":{"allow":["GET"]}}],"collection":[{"href":"https:\/\/patenrengas.fi\/index.php?rest_route=\/wp\/v2\/product"}],"about":[{"href":"https:\/\/patenrengas.fi\/index.php?rest_route=\/wp\/v2\/types\/product"}],"wp:featuredmedia":[{"embeddable":true,"href":"https:\/\/patenrengas.fi\/index.php?rest_route=\/wp\/v2\/media\/1136"}],"wp:attachment":[{"href":"https:\/\/patenrengas.fi\/index.php?rest_route=%2Fwp%2Fv2%2Fmedia&parent=1152"}],"wp:term":[{"taxonomy":"product_brand","embeddable":true,"href":"https:\/\/patenrengas.fi\/index.php?rest_route=%2Fwp%2Fv2%2Fproduct_brand&post=1152"},{"taxonomy":"product_cat","embeddable":true,"href":"https:\/\/patenrengas.fi\/index.php?rest_route=%2Fwp%2Fv2%2Fproduct_cat&post=1152"},{"taxonomy":"product_tag","embeddable":true,"href":"https:\/\/patenrengas.fi\/index.php?rest_route=%2Fwp%2Fv2%2Fproduct_tag&post=1152"}],"curies":[{"name":"wp","href":"https:\/\/api.w.org\/{rel}","templated":true}]}}