{"id":1150,"date":"2026-03-03T22:04:19","date_gmt":"2026-03-03T20:04:19","guid":{"rendered":"https:\/\/patenrengas.fi\/?post_type=product&#038;p=1150"},"modified":"2026-03-06T11:03:00","modified_gmt":"2026-03-06T09:03:00","slug":"sailun-atrezzo-zsr2-20","status":"publish","type":"product","link":"https:\/\/patenrengas.fi\/?product=sailun-atrezzo-zsr2-20","title":{"rendered":"Sailun Atrezzo ZSR2 20&#8243;"},"content":{"rendered":"<p>ATREZZO ZSR2 on uuden sukupolven rengas, joka on suunniteltu tarkkaan k\u00e4sittelyyn sek\u00e4 m\u00e4riss\u00e4 ett\u00e4 kuivissa olosuhteissa. Ep\u00e4symmetrinen kulutuspintakuvio ja parannettu kulutuspintakumiseos tekev\u00e4t ATREZZO ZSR2:sta erinomaisen suorittajan sek\u00e4 kaduilla ett\u00e4 moottoriteill\u00e4.<\/p>\n","protected":false},"excerpt":{"rendered":"<p>Ep\u00e4symmetrinen kulutuspintakuvio ja parannettu kulutuspintakumiseos tekev\u00e4t ATREZZO ZSR2:sta erinomaisen suorittajan sek\u00e4 kaduilla ett\u00e4 moottoriteill\u00e4.<\/p>\n<p>225\/35 R20 <strong>480\u20ac<br \/>\n<\/strong>235\/35 R20<strong> 540\u20ac<br \/>\n<\/strong>245\/35 R20 <strong>485\u20ac<br \/>\n<\/strong>255\/35 R20 <strong>485\u20ac<br \/>\n<\/strong>245\/40 R20 <strong>515\u20ac<br \/>\n<\/strong>275\/40 R20 <strong>550\u20ac<br \/>\n<\/strong>245\/45 R20 <strong>525\u20ac<br \/>\n<\/strong>255\/45 R20 <strong>540\u20ac<br \/>\n<\/strong>275\/45 R20 <strong>580\u20ac<\/strong><\/p>\n<p>&nbsp;<\/p>\n<p><strong>Hinnat sis\u00e4lt\u00e4\u00e4 asennusty\u00f6t.<\/strong><\/p>\n","protected":false},"featured_media":1151,"template":"","meta":[],"product_brand":[],"product_cat":[106,32],"product_tag":[],"class_list":{"0":"post-1150","1":"product","2":"type-product","3":"status-publish","4":"has-post-thumbnail","6":"product_cat-106","7":"product_cat-kesarengas","9":"first","10":"instock","11":"shipping-taxable","12":"product-type-simple"},"_links":{"self":[{"href":"https:\/\/patenrengas.fi\/index.php?rest_route=\/wp\/v2\/product\/1150","targetHints":{"allow":["GET"]}}],"collection":[{"href":"https:\/\/patenrengas.fi\/index.php?rest_route=\/wp\/v2\/product"}],"about":[{"href":"https:\/\/patenrengas.fi\/index.php?rest_route=\/wp\/v2\/types\/product"}],"wp:featuredmedia":[{"embeddable":true,"href":"https:\/\/patenrengas.fi\/index.php?rest_route=\/wp\/v2\/media\/1151"}],"wp:attachment":[{"href":"https:\/\/patenrengas.fi\/index.php?rest_route=%2Fwp%2Fv2%2Fmedia&parent=1150"}],"wp:term":[{"taxonomy":"product_brand","embeddable":true,"href":"https:\/\/patenrengas.fi\/index.php?rest_route=%2Fwp%2Fv2%2Fproduct_brand&post=1150"},{"taxonomy":"product_cat","embeddable":true,"href":"https:\/\/patenrengas.fi\/index.php?rest_route=%2Fwp%2Fv2%2Fproduct_cat&post=1150"},{"taxonomy":"product_tag","embeddable":true,"href":"https:\/\/patenrengas.fi\/index.php?rest_route=%2Fwp%2Fv2%2Fproduct_tag&post=1150"}],"curies":[{"name":"wp","href":"https:\/\/api.w.org\/{rel}","templated":true}]}}