{"id":1027,"date":"2024-03-19T11:21:52","date_gmt":"2024-03-19T09:21:52","guid":{"rendered":"https:\/\/patenrengas.fi\/?post_type=product&#038;p=1027"},"modified":"2026-03-19T23:06:10","modified_gmt":"2026-03-19T21:06:10","slug":"maxtrek-sierra-s6-19","status":"publish","type":"product","link":"https:\/\/patenrengas.fi\/?product=maxtrek-sierra-s6-19","title":{"rendered":"Road Rider Strada Max 19&#8243;"},"content":{"rendered":"","protected":false},"excerpt":{"rendered":"<p>&nbsp;<\/p>\n<p>235\/35 R19 <strong>390\u20ac<br \/>\n<\/strong>245\/35 R19 <strong>435\u20ac<br \/>\n<\/strong>255\/35 R19<strong> 440\u20ac<br \/>\n<\/strong>235\/40 R19<strong> 430\u20ac<br \/>\n<\/strong>245\/40 R19 <strong>430\u20ac<br \/>\n<\/strong>255\/40 R19 <strong>450\u20ac<br \/>\n<\/strong>225\/45 R19 <strong>440\u20ac<br \/>\n<\/strong>235\/45 R19 <strong>440\u20ac<br \/>\n<\/strong>245\/45 R19 <strong>450\u20ac<br \/>\n<\/strong>235\/50 R19 <strong>450\u20ac<br \/>\n<\/strong>245\/50 R19 <strong>520\u20ac<br \/>\n<\/strong>225\/55 R19<strong> 480\u20ac<br \/>\n<\/strong>235\/55 R19 <strong>470\u20ac<br \/>\n<\/strong><\/p>\n<p><strong>Hinnat sis\u00e4lt\u00e4v\u00e4t asennusty\u00f6t.<\/strong><\/p>\n","protected":false},"featured_media":1169,"template":"","meta":[],"product_brand":[],"product_cat":[105,32],"product_tag":[],"class_list":{"0":"post-1027","1":"product","2":"type-product","3":"status-publish","4":"has-post-thumbnail","6":"product_cat-19-kesarengas","7":"product_cat-kesarengas","9":"first","10":"instock","11":"shipping-taxable","12":"product-type-simple"},"_links":{"self":[{"href":"https:\/\/patenrengas.fi\/index.php?rest_route=\/wp\/v2\/product\/1027","targetHints":{"allow":["GET"]}}],"collection":[{"href":"https:\/\/patenrengas.fi\/index.php?rest_route=\/wp\/v2\/product"}],"about":[{"href":"https:\/\/patenrengas.fi\/index.php?rest_route=\/wp\/v2\/types\/product"}],"wp:featuredmedia":[{"embeddable":true,"href":"https:\/\/patenrengas.fi\/index.php?rest_route=\/wp\/v2\/media\/1169"}],"wp:attachment":[{"href":"https:\/\/patenrengas.fi\/index.php?rest_route=%2Fwp%2Fv2%2Fmedia&parent=1027"}],"wp:term":[{"taxonomy":"product_brand","embeddable":true,"href":"https:\/\/patenrengas.fi\/index.php?rest_route=%2Fwp%2Fv2%2Fproduct_brand&post=1027"},{"taxonomy":"product_cat","embeddable":true,"href":"https:\/\/patenrengas.fi\/index.php?rest_route=%2Fwp%2Fv2%2Fproduct_cat&post=1027"},{"taxonomy":"product_tag","embeddable":true,"href":"https:\/\/patenrengas.fi\/index.php?rest_route=%2Fwp%2Fv2%2Fproduct_tag&post=1027"}],"curies":[{"name":"wp","href":"https:\/\/api.w.org\/{rel}","templated":true}]}}