{"id":887,"date":"2023-03-24T08:25:21","date_gmt":"2023-03-24T08:25:21","guid":{"rendered":"https:\/\/patenrengas.fi\/?page_id=887"},"modified":"2023-09-22T06:37:46","modified_gmt":"2023-09-22T06:37:46","slug":"resurs","status":"publish","type":"page","link":"https:\/\/patenrengas.fi\/?page_id=887","title":{"rendered":"Resurs"},"content":{"rendered":"\t\t<div data-elementor-type=\"wp-page\" data-elementor-id=\"887\" class=\"elementor elementor-887\">\n\t\t\t\t\t\t<section class=\"elementor-section elementor-top-section elementor-element elementor-element-e8a0620 elementor-section-boxed elementor-section-height-default elementor-section-height-default\" data-id=\"e8a0620\" data-element_type=\"section\" data-e-type=\"section\">\n\t\t\t\t\t\t<div class=\"elementor-container elementor-column-gap-default\">\n\t\t\t\t\t<div class=\"elementor-column elementor-col-100 elementor-top-column elementor-element elementor-element-21559aa\" data-id=\"21559aa\" data-element_type=\"column\" data-e-type=\"column\">\n\t\t\t<div class=\"elementor-widget-wrap elementor-element-populated\">\n\t\t\t\t\t\t<div class=\"elementor-element elementor-element-5d9aec6 elementor-widget elementor-widget-image\" data-id=\"5d9aec6\" data-element_type=\"widget\" data-e-type=\"widget\" data-widget_type=\"image.default\">\n\t\t\t\t<div class=\"elementor-widget-container\">\n\t\t\t\t\t\t\t\t\t\t\t\t\t\t\t<img decoding=\"async\" width=\"300\" height=\"120\" src=\"https:\/\/patenrengas.fi\/wp-content\/uploads\/2023\/03\/Resurs_logo-300x120.png\" class=\"attachment-medium size-medium wp-image-901\" alt=\"\" srcset=\"https:\/\/patenrengas.fi\/wp-content\/uploads\/2023\/03\/Resurs_logo-300x120.png 300w, https:\/\/patenrengas.fi\/wp-content\/uploads\/2023\/03\/Resurs_logo.png 541w\" sizes=\"(max-width: 300px) 100vw, 300px\" \/>\t\t\t\t\t\t\t\t\t\t\t\t\t\t\t<\/div>\n\t\t\t\t<\/div>\n\t\t\t\t\t<\/div>\n\t\t<\/div>\n\t\t\t\t\t<\/div>\n\t\t<\/section>\n\t\t\t\t<section class=\"elementor-section elementor-top-section elementor-element elementor-element-20d1565 elementor-section-boxed elementor-section-height-default elementor-section-height-default\" data-id=\"20d1565\" data-element_type=\"section\" data-e-type=\"section\">\n\t\t\t\t\t\t<div class=\"elementor-container elementor-column-gap-default\">\n\t\t\t\t\t<div class=\"elementor-column elementor-col-100 elementor-top-column elementor-element elementor-element-d13a878\" data-id=\"d13a878\" data-element_type=\"column\" data-e-type=\"column\">\n\t\t\t<div class=\"elementor-widget-wrap elementor-element-populated\">\n\t\t\t\t\t\t<div class=\"elementor-element elementor-element-8df04cd elementor-widget elementor-widget-heading\" data-id=\"8df04cd\" data-element_type=\"widget\" data-e-type=\"widget\" data-widget_type=\"heading.default\">\n\t\t\t\t<div class=\"elementor-widget-container\">\n\t\t\t\t\t<h2 class=\"elementor-heading-title elementor-size-default\">Maksa my\u00f6hemmin \u2013 omaan tahtiisi  <\/h2>\t\t\t\t<\/div>\n\t\t\t\t<\/div>\n\t\t\t\t\t<\/div>\n\t\t<\/div>\n\t\t\t\t\t<\/div>\n\t\t<\/section>\n\t\t\t\t<section class=\"elementor-section elementor-top-section elementor-element elementor-element-1949c28 elementor-section-boxed elementor-section-height-default elementor-section-height-default\" data-id=\"1949c28\" data-element_type=\"section\" data-e-type=\"section\">\n\t\t\t\t\t\t<div class=\"elementor-container elementor-column-gap-default\">\n\t\t\t\t\t<div class=\"elementor-column elementor-col-100 elementor-top-column elementor-element elementor-element-16b43a1\" data-id=\"16b43a1\" data-element_type=\"column\" data-e-type=\"column\">\n\t\t\t<div class=\"elementor-widget-wrap elementor-element-populated\">\n\t\t\t\t\t\t<div class=\"elementor-element elementor-element-dde6ec3 elementor-widget elementor-widget-text-editor\" data-id=\"dde6ec3\" data-element_type=\"widget\" data-e-type=\"widget\" data-widget_type=\"text-editor.default\">\n\t\t\t\t<div class=\"elementor-widget-container\">\n\t\t\t\t\t\t\t\t\t<p style=\"font-weight: 400;\">Ostaessasi Duo-Rahoituksella, valitset milloin ja miten haluat maksaa. Saat jopa 12 kuukautta korotonta maksuaikaa.<\/p><p style=\"font-weight: 400;\">Tilin hakeminen on helppoa ja nopeaa. Voit tehd\u00e4 hakemuksen joko alla olevasta linkist\u00e4 tai toimipaikassa paikan p\u00e4\u00e4ll\u00e4. Saat laskun vasta ostoa seuraavana kuukautena ja voit silloin valita maksatko koko summan kerralla vai joustavasti eriss\u00e4. Luotonantaja on Resurs Bank AB Suomen sivuliike.<\/p><ul><li>Et maksa ostoksen teon yhteydess\u00e4 mit\u00e4\u00e4n<\/li><li>30\u201360 p\u00e4iv\u00e4\u00e4 ensimm\u00e4iseen er\u00e4p\u00e4iv\u00e4\u00e4n<\/li><li>Voit jakaa maksun osiin ja valita sinulle sopivan maksuvaihtoehdon<\/li><li>Tili on jatkuva luotto, jota voit k\u00e4ytt\u00e4\u00e4 my\u00f6s tuleviin ostoksiisi<\/li><\/ul><p><span style=\"text-decoration: underline;\"><strong><a href=\"https:\/\/apponline.resurs.com\/form\/7800fi\">HAE LUOTTOA T\u00c4ST\u00c4<\/a><\/strong><\/span><\/p><p style=\"font-weight: 400;\">Saat luottop\u00e4\u00e4t\u00f6ksen heti ja saat luoton k\u00e4ytt\u00f6\u00f6si, kun olet allekirjoittanut luottosopimuksen s\u00e4hk\u00f6isesti. T\u00e4m\u00e4n j\u00e4lkeen voit k\u00e4ytt\u00e4\u00e4 tili\u00e4 maksutapana toimipisteess\u00e4 n\u00e4ytt\u00e4m\u00e4ll\u00e4 vain voimassa olevan henkil\u00f6todistuksen kassalla.<\/p>\t\t\t\t\t\t\t\t<\/div>\n\t\t\t\t<\/div>\n\t\t\t\t\t<\/div>\n\t\t<\/div>\n\t\t\t\t\t<\/div>\n\t\t<\/section>\n\t\t\t\t<section class=\"elementor-section elementor-top-section elementor-element elementor-element-f25b695 elementor-section-boxed elementor-section-height-default elementor-section-height-default\" data-id=\"f25b695\" data-element_type=\"section\" data-e-type=\"section\">\n\t\t\t\t\t\t<div class=\"elementor-container elementor-column-gap-default\">\n\t\t\t\t\t<div class=\"elementor-column elementor-col-100 elementor-top-column elementor-element elementor-element-5f8de78\" data-id=\"5f8de78\" data-element_type=\"column\" data-e-type=\"column\">\n\t\t\t<div class=\"elementor-widget-wrap elementor-element-populated\">\n\t\t\t\t\t\t<div class=\"elementor-element elementor-element-b2bfb8a elementor-widget elementor-widget-heading\" data-id=\"b2bfb8a\" data-element_type=\"widget\" data-e-type=\"widget\" data-widget_type=\"heading.default\">\n\t\t\t\t<div class=\"elementor-widget-container\">\n\t\t\t\t\t<h2 class=\"elementor-heading-title elementor-size-default\">Ent\u00e4p\u00e4 kustannukset?<\/h2>\t\t\t\t<\/div>\n\t\t\t\t<\/div>\n\t\t\t\t\t<\/div>\n\t\t<\/div>\n\t\t\t\t\t<\/div>\n\t\t<\/section>\n\t\t\t\t<section class=\"elementor-section elementor-top-section elementor-element elementor-element-9fbc56b elementor-section-boxed elementor-section-height-default elementor-section-height-default\" data-id=\"9fbc56b\" data-element_type=\"section\" data-e-type=\"section\">\n\t\t\t\t\t\t<div class=\"elementor-container elementor-column-gap-default\">\n\t\t\t\t\t<div class=\"elementor-column elementor-col-100 elementor-top-column elementor-element elementor-element-3246a7b\" data-id=\"3246a7b\" data-element_type=\"column\" data-e-type=\"column\">\n\t\t\t<div class=\"elementor-widget-wrap elementor-element-populated\">\n\t\t\t\t\t\t<div class=\"elementor-element elementor-element-216aab7 elementor-widget elementor-widget-text-editor\" data-id=\"216aab7\" data-element_type=\"widget\" data-e-type=\"widget\" data-widget_type=\"text-editor.default\">\n\t\t\t\t<div class=\"elementor-widget-container\">\n\t\t\t\t\t\t\t\t\t<table style=\"font-weight: 400;\"><tbody><tr><td width=\"161\"><p><strong>MAKSUVAIHTOEHTO<\/strong><\/p><\/td><td width=\"132\"><p><strong>VUOSIKORKO<\/strong><\/p><\/td><td width=\"180\"><p><strong>K\u00c4SITTELYMAKSU\/KK<\/strong><\/p><\/td><\/tr><tr><td width=\"161\"><p>30\u201360 pv<\/p><\/td><td width=\"132\"><p>0 %<\/p><\/td><td width=\"180\"><p>0 \u20ac<\/p><\/td><\/tr><tr><td width=\"161\"><p>12 kk<\/p><\/td><td width=\"132\"><p>0 %<\/p><\/td><td width=\"180\"><p>3,90 \u20ac<\/p><\/td><\/tr><tr><td width=\"161\"><p>24 kk<\/p><\/td><td width=\"132\"><p>12,90 %<\/p><\/td><td width=\"180\"><p>3,90 \u20ac<\/p><\/td><\/tr><tr><td width=\"161\"><p>48 kk<\/p><\/td><td width=\"132\"><p>15,00 %<\/p><\/td><td width=\"180\"><p>3,90 \u20ac<\/p><\/td><\/tr><\/tbody><\/table>\t\t\t\t\t\t\t\t<\/div>\n\t\t\t\t<\/div>\n\t\t\t\t\t<\/div>\n\t\t<\/div>\n\t\t\t\t\t<\/div>\n\t\t<\/section>\n\t\t\t\t<section class=\"elementor-section elementor-top-section elementor-element elementor-element-25aaaf0 elementor-section-boxed elementor-section-height-default elementor-section-height-default\" data-id=\"25aaaf0\" data-element_type=\"section\" data-e-type=\"section\">\n\t\t\t\t\t\t<div class=\"elementor-container elementor-column-gap-default\">\n\t\t\t\t\t<div class=\"elementor-column elementor-col-100 elementor-top-column elementor-element elementor-element-545a037\" data-id=\"545a037\" data-element_type=\"column\" data-e-type=\"column\">\n\t\t\t<div class=\"elementor-widget-wrap elementor-element-populated\">\n\t\t\t\t\t\t<div class=\"elementor-element elementor-element-f2b2de8 elementor-widget elementor-widget-text-editor\" data-id=\"f2b2de8\" data-element_type=\"widget\" data-e-type=\"widget\" data-widget_type=\"text-editor.default\">\n\t\t\t\t<div class=\"elementor-widget-container\">\n\t\t\t\t\t\t\t\t\t<div><b>Suomessa astuu voimaan uusi korkokattolaki 1.10.2023. Kuluttajaluottojen korkokatto on jatkossa enint\u00e4\u00e4n 15 % vuodessa + Suomen Pankin puolivuosittain vahvistama korkolain mukainen viitekorko. Enint\u00e4\u00e4n kuitenkin yhteens\u00e4 20 % vuodessa. \u2028<br \/><br \/>Esimerkkiostos<\/b><span style=\"font-family: var( --e-global-typography-text-font-family ), Sans-serif;\"><b>:<\/b> 1 000 \u20ac, 12 kk maksuvaihtoehdolla. Vuosikorko: 0 %. K\u00e4sittelymaksu\/kk: 3,90 \u20ac. Todellinen vuosikorko: 8,16 %. Luoton kustannukset: 46,80 \u20ac. Maksettava yhteens\u00e4: 1 047 \u20ac. Osamaksuer\u00e4\/kk: 87,23 \u20ac, 12 er\u00e4\u00e4. Esimerkki on laskettu 12 kuukauden maksuvaihtoehdolle. Duo-Rahoitus on jatkuva luotto, jonka minimiluottoraja on tyypillisesti 1 500 euroa. Luoton muusta k\u00e4yt\u00f6st\u00e4 voi seurata korkeampi tai alempi todellinen vuosikorko. Laskelma koskee 1.2.2021 j\u00e4lkeen avattuja tilej\u00e4. Luotonantaja: Resurs Bank AB Suomen sivuliike.<\/span><\/div><div>\u00a0<\/div><div><p style=\"font-weight: 400;\"><strong>Onko sinulla jo tili?<\/strong><\/p><p style=\"font-weight: 400;\">Tarvittaessa voit my\u00f6s itse korottaa jo aiemmin avattua tili\u00e4si oheisen hakemuslinkin kautta: <a href=\"https:\/\/apponline.resurs.com\/form\/7800fi\/limitraise\"><u>KLIKKAA HAKEMUKSEEN T\u00c4ST\u00c4<\/u><\/a><\/p><p style=\"font-weight: 400;\">Voit tarkistaa tilisi saldon kirjautumalla Resursin omille sivuille. <span style=\"text-decoration: underline;\"><a href=\"https:\/\/www.resursbank.fi\/kirjaudu-sisaan\">KIRJAUDU OMILLE SIVUILLE T\u00c4ST\u00c4<\/a><\/span><\/p><p style=\"font-weight: 400;\"><strong>J\u00e4ik\u00f6 jokin mietitytt\u00e4m\u00e4\u00e4n?<\/strong><\/p><p><span style=\"font-weight: 400;\">Ota yhteytt\u00e4 Resursin asiakaspalveluun arkisin, puh. 09 622 4308.<\/span><\/p><p style=\"text-align: right;\"><img decoding=\"async\" src=\"http:\/\/patenrengas.fi\/wp-content\/uploads\/2023\/03\/Resurs_vari.png\" alt=\"\" width=\"150\" height=\"147\" \/><\/p><\/div>\t\t\t\t\t\t\t\t<\/div>\n\t\t\t\t<\/div>\n\t\t\t\t\t<\/div>\n\t\t<\/div>\n\t\t\t\t\t<\/div>\n\t\t<\/section>\n\t\t\t\t<\/div>\n\t\t","protected":false},"excerpt":{"rendered":"<p>Maksa my\u00f6hemmin \u2013 omaan tahtiisi Ostaessasi Duo-Rahoituksella, valitset milloin ja miten haluat maksaa. Saat jopa 12 kuukautta korotonta maksuaikaa. Tilin hakeminen on helppoa ja nopeaa. Voit tehd\u00e4 hakemuksen joko alla olevasta linkist\u00e4 tai toimipaikassa paikan p\u00e4\u00e4ll\u00e4. Saat laskun vasta ostoa seuraavana kuukautena ja voit silloin valita maksatko koko summan kerralla vai joustavasti eriss\u00e4. Luotonantaja on<\/p><\/div>\n<div class=\"blog-btn\"><a href=\"https:\/\/patenrengas.fi\/?page_id=887\" class=\"home-blog-btn\">Lue lis\u00e4\u00e4<\/a><\/p>\n","protected":false},"author":1,"featured_media":0,"parent":0,"menu_order":0,"comment_status":"closed","ping_status":"closed","template":"","meta":{"footnotes":""},"class_list":["post-887","page","type-page","status-publish","hentry"],"_links":{"self":[{"href":"https:\/\/patenrengas.fi\/index.php?rest_route=\/wp\/v2\/pages\/887","targetHints":{"allow":["GET"]}}],"collection":[{"href":"https:\/\/patenrengas.fi\/index.php?rest_route=\/wp\/v2\/pages"}],"about":[{"href":"https:\/\/patenrengas.fi\/index.php?rest_route=\/wp\/v2\/types\/page"}],"author":[{"embeddable":true,"href":"https:\/\/patenrengas.fi\/index.php?rest_route=\/wp\/v2\/users\/1"}],"replies":[{"embeddable":true,"href":"https:\/\/patenrengas.fi\/index.php?rest_route=%2Fwp%2Fv2%2Fcomments&post=887"}],"version-history":[{"count":34,"href":"https:\/\/patenrengas.fi\/index.php?rest_route=\/wp\/v2\/pages\/887\/revisions"}],"predecessor-version":[{"id":975,"href":"https:\/\/patenrengas.fi\/index.php?rest_route=\/wp\/v2\/pages\/887\/revisions\/975"}],"wp:attachment":[{"href":"https:\/\/patenrengas.fi\/index.php?rest_route=%2Fwp%2Fv2%2Fmedia&parent=887"}],"curies":[{"name":"wp","href":"https:\/\/api.w.org\/{rel}","templated":true}]}}