{"id":496,"date":"2020-10-14T07:54:44","date_gmt":"2020-10-14T07:54:44","guid":{"rendered":"http:\/\/patenrengas.fi\/?page_id=496"},"modified":"2023-03-15T13:00:41","modified_gmt":"2023-03-15T13:00:41","slug":"vanteet-yla","status":"publish","type":"page","link":"https:\/\/patenrengas.fi\/?page_id=496","title":{"rendered":"Vanteet"},"content":{"rendered":"\t\t<div data-elementor-type=\"wp-page\" data-elementor-id=\"496\" class=\"elementor elementor-496\">\n\t\t\t\t\t\t<section class=\"elementor-section elementor-top-section elementor-element elementor-element-3980ec1 elementor-section-boxed elementor-section-height-default elementor-section-height-default\" data-id=\"3980ec1\" data-element_type=\"section\" data-e-type=\"section\">\n\t\t\t\t\t\t<div class=\"elementor-container elementor-column-gap-default\">\n\t\t\t\t\t<div class=\"elementor-column elementor-col-100 elementor-top-column elementor-element elementor-element-9c69ec7\" data-id=\"9c69ec7\" data-element_type=\"column\" data-e-type=\"column\">\n\t\t\t<div class=\"elementor-widget-wrap elementor-element-populated\">\n\t\t\t\t\t\t<div class=\"elementor-element elementor-element-e23863f elementor-widget elementor-widget-text-editor\" data-id=\"e23863f\" data-element_type=\"widget\" data-e-type=\"widget\" data-widget_type=\"text-editor.default\">\n\t\t\t\t<div class=\"elementor-widget-container\">\n\t\t\t\t\t\t\t\t\t<h1>Vanteet<\/h1>\nMeilt\u00e4 kaikki Rautamon tuotteet, katso tuote allaolevasta linkist\u00e4 ja kysy p\u00e4iv\u00e4n hinta\n\n<a href=\"https:\/\/www.rautamo.fi\" target=\"_blank\" rel=\"noopener\"><img decoding=\"async\" class=\"alignnone wp-image-506\" src=\"https:\/\/www.patenrengas.fi\/wp-content\/uploads\/2020\/10\/Rautamo-logo-300x82.jpg\" alt=\"\" width=\"250\" height=\"69\" srcset=\"https:\/\/patenrengas.fi\/wp-content\/uploads\/2020\/10\/Rautamo-logo-300x82.jpg 300w, https:\/\/patenrengas.fi\/wp-content\/uploads\/2020\/10\/Rautamo-logo.jpg 408w\" sizes=\"(max-width: 250px) 100vw, 250px\" \/><\/a>\t\t\t\t\t\t\t\t<\/div>\n\t\t\t\t<\/div>\n\t\t\t\t\t<\/div>\n\t\t<\/div>\n\t\t\t\t\t<\/div>\n\t\t<\/section>\n\t\t\t\t<section class=\"elementor-section elementor-top-section elementor-element elementor-element-b2eadba elementor-section-boxed elementor-section-height-default elementor-section-height-default\" data-id=\"b2eadba\" data-element_type=\"section\" data-e-type=\"section\">\n\t\t\t\t\t\t<div class=\"elementor-container elementor-column-gap-default\">\n\t\t\t\t\t<div class=\"elementor-column elementor-col-100 elementor-top-column elementor-element elementor-element-ae24d01\" data-id=\"ae24d01\" data-element_type=\"column\" data-e-type=\"column\">\n\t\t\t<div class=\"elementor-widget-wrap elementor-element-populated\">\n\t\t\t\t\t\t<div class=\"elementor-element elementor-element-7684fbe elementor-widget elementor-widget-text-editor\" data-id=\"7684fbe\" data-element_type=\"widget\" data-e-type=\"widget\" data-widget_type=\"text-editor.default\">\n\t\t\t\t<div class=\"elementor-widget-container\">\n\t\t\t\t\t\t\t\t\t<h3>Rial esimerkkituotteet:<\/h3>\t\t\t\t\t\t\t\t<\/div>\n\t\t\t\t<\/div>\n\t\t\t\t\t<\/div>\n\t\t<\/div>\n\t\t\t\t\t<\/div>\n\t\t<\/section>\n\t\t\t\t<section class=\"elementor-section elementor-top-section elementor-element elementor-element-c35c985 elementor-section-boxed elementor-section-height-default elementor-section-height-default\" data-id=\"c35c985\" data-element_type=\"section\" data-e-type=\"section\">\n\t\t\t\t\t\t<div class=\"elementor-container elementor-column-gap-default\">\n\t\t\t\t\t<div class=\"elementor-column elementor-col-33 elementor-top-column elementor-element elementor-element-4cd50e8\" data-id=\"4cd50e8\" data-element_type=\"column\" data-e-type=\"column\" data-settings=\"{&quot;background_background&quot;:&quot;classic&quot;}\">\n\t\t\t<div class=\"elementor-widget-wrap elementor-element-populated\">\n\t\t\t\t\t\t<div class=\"elementor-element elementor-element-4842d2c elementor-widget elementor-widget-image\" data-id=\"4842d2c\" data-element_type=\"widget\" data-e-type=\"widget\" data-widget_type=\"image.default\">\n\t\t\t\t<div class=\"elementor-widget-container\">\n\t\t\t\t\t\t\t\t\t\t\t\t\t\t\t<img fetchpriority=\"high\" decoding=\"async\" width=\"612\" height=\"609\" src=\"https:\/\/patenrengas.fi\/wp-content\/uploads\/2020\/10\/RIAL-ASTORGA.png\" class=\"attachment-large size-large wp-image-503\" alt=\"\" srcset=\"https:\/\/patenrengas.fi\/wp-content\/uploads\/2020\/10\/RIAL-ASTORGA.png 612w, https:\/\/patenrengas.fi\/wp-content\/uploads\/2020\/10\/RIAL-ASTORGA-300x300.png 300w, https:\/\/patenrengas.fi\/wp-content\/uploads\/2020\/10\/RIAL-ASTORGA-150x150.png 150w, https:\/\/patenrengas.fi\/wp-content\/uploads\/2020\/10\/RIAL-ASTORGA-600x597.png 600w, https:\/\/patenrengas.fi\/wp-content\/uploads\/2020\/10\/RIAL-ASTORGA-100x100.png 100w\" sizes=\"(max-width: 612px) 100vw, 612px\" \/>\t\t\t\t\t\t\t\t\t\t\t\t\t\t\t<\/div>\n\t\t\t\t<\/div>\n\t\t\t\t<div class=\"elementor-element elementor-element-2d66e79 elementor-widget elementor-widget-text-editor\" data-id=\"2d66e79\" data-element_type=\"widget\" data-e-type=\"widget\" data-widget_type=\"text-editor.default\">\n\t\t\t\t<div class=\"elementor-widget-container\">\n\t\t\t\t\t\t\t\t\t<h3>Rial Astorga<\/h3><p>Tuotanto 100% Euroopassa. Yli 40 vuoden kokemuksella on saavutettu laatu, jolle annetaan takuu aina 5 vuoteen saakka. Yksi johtavista Eurooppalaista vannevalmistajista.<b><\/b><\/p><p><img decoding=\"async\" class=\"alignnone wp-image-534\" src=\"https:\/\/www.patenrengas.fi\/wp-content\/uploads\/2020\/10\/RIAL-logo.png\" alt=\"\" width=\"120\" height=\"65\" \/><\/p>\t\t\t\t\t\t\t\t<\/div>\n\t\t\t\t<\/div>\n\t\t\t\t\t<\/div>\n\t\t<\/div>\n\t\t\t\t<div class=\"elementor-column elementor-col-33 elementor-top-column elementor-element elementor-element-cc1d768\" data-id=\"cc1d768\" data-element_type=\"column\" data-e-type=\"column\" data-settings=\"{&quot;background_background&quot;:&quot;classic&quot;}\">\n\t\t\t<div class=\"elementor-widget-wrap elementor-element-populated\">\n\t\t\t\t\t\t<div class=\"elementor-element elementor-element-e280f3c elementor-widget elementor-widget-image\" data-id=\"e280f3c\" data-element_type=\"widget\" data-e-type=\"widget\" data-widget_type=\"image.default\">\n\t\t\t\t<div class=\"elementor-widget-container\">\n\t\t\t\t\t\t\t\t\t\t\t\t\t\t\t<img loading=\"lazy\" decoding=\"async\" width=\"612\" height=\"609\" src=\"https:\/\/patenrengas.fi\/wp-content\/uploads\/2020\/10\/RIAL-KODIAK.png\" class=\"attachment-large size-large wp-image-501\" alt=\"\" srcset=\"https:\/\/patenrengas.fi\/wp-content\/uploads\/2020\/10\/RIAL-KODIAK.png 612w, https:\/\/patenrengas.fi\/wp-content\/uploads\/2020\/10\/RIAL-KODIAK-300x300.png 300w, https:\/\/patenrengas.fi\/wp-content\/uploads\/2020\/10\/RIAL-KODIAK-150x150.png 150w, https:\/\/patenrengas.fi\/wp-content\/uploads\/2020\/10\/RIAL-KODIAK-600x597.png 600w, https:\/\/patenrengas.fi\/wp-content\/uploads\/2020\/10\/RIAL-KODIAK-100x100.png 100w\" sizes=\"(max-width: 612px) 100vw, 612px\" \/>\t\t\t\t\t\t\t\t\t\t\t\t\t\t\t<\/div>\n\t\t\t\t<\/div>\n\t\t\t\t<div class=\"elementor-element elementor-element-f66b4ce elementor-widget elementor-widget-text-editor\" data-id=\"f66b4ce\" data-element_type=\"widget\" data-e-type=\"widget\" data-widget_type=\"text-editor.default\">\n\t\t\t\t<div class=\"elementor-widget-container\">\n\t\t\t\t\t\t\t\t\t<h3>Rial Kodiak<\/h3><p>Tuotanto 100% Euroopassa. Yli 40 vuoden kokemuksella on saavutettu laatu, jolle annetaan takuu aina 5 vuoteen saakka. Yksi johtavista Eurooppalaista vannevalmistajista.<b><\/b><\/p><p><img loading=\"lazy\" decoding=\"async\" src=\"https:\/\/www.patenrengas.fi\/wp-content\/uploads\/2020\/10\/RIAL-logo.png\" alt=\"\" width=\"120\" height=\"65\" \/><\/p>\t\t\t\t\t\t\t\t<\/div>\n\t\t\t\t<\/div>\n\t\t\t\t\t<\/div>\n\t\t<\/div>\n\t\t\t\t<div class=\"elementor-column elementor-col-33 elementor-top-column elementor-element elementor-element-9c44e9a\" data-id=\"9c44e9a\" data-element_type=\"column\" data-e-type=\"column\">\n\t\t\t<div class=\"elementor-widget-wrap\">\n\t\t\t\t\t\t\t<\/div>\n\t\t<\/div>\n\t\t\t\t\t<\/div>\n\t\t<\/section>\n\t\t\t\t<\/div>\n\t\t","protected":false},"excerpt":{"rendered":"<p>Vanteet Meilt\u00e4 kaikki Rautamon tuotteet, katso tuote allaolevasta linkist\u00e4 ja kysy p\u00e4iv\u00e4n hinta Rial esimerkkituotteet: Rial Astorga Tuotanto 100% Euroopassa. Yli 40 vuoden kokemuksella on saavutettu laatu, jolle annetaan takuu aina 5 vuoteen saakka. Yksi johtavista Eurooppalaista vannevalmistajista. Rial Kodiak Tuotanto 100% Euroopassa. Yli 40 vuoden kokemuksella on saavutettu laatu, jolle annetaan takuu aina 5<\/p><\/div>\n<div class=\"blog-btn\"><a href=\"https:\/\/patenrengas.fi\/?page_id=496\" class=\"home-blog-btn\">Lue lis\u00e4\u00e4<\/a><\/p>\n","protected":false},"author":1,"featured_media":0,"parent":0,"menu_order":0,"comment_status":"closed","ping_status":"closed","template":"elementor_header_footer","meta":{"footnotes":""},"class_list":["post-496","page","type-page","status-publish","hentry"],"_links":{"self":[{"href":"https:\/\/patenrengas.fi\/index.php?rest_route=\/wp\/v2\/pages\/496","targetHints":{"allow":["GET"]}}],"collection":[{"href":"https:\/\/patenrengas.fi\/index.php?rest_route=\/wp\/v2\/pages"}],"about":[{"href":"https:\/\/patenrengas.fi\/index.php?rest_route=\/wp\/v2\/types\/page"}],"author":[{"embeddable":true,"href":"https:\/\/patenrengas.fi\/index.php?rest_route=\/wp\/v2\/users\/1"}],"replies":[{"embeddable":true,"href":"https:\/\/patenrengas.fi\/index.php?rest_route=%2Fwp%2Fv2%2Fcomments&post=496"}],"version-history":[{"count":71,"href":"https:\/\/patenrengas.fi\/index.php?rest_route=\/wp\/v2\/pages\/496\/revisions"}],"predecessor-version":[{"id":882,"href":"https:\/\/patenrengas.fi\/index.php?rest_route=\/wp\/v2\/pages\/496\/revisions\/882"}],"wp:attachment":[{"href":"https:\/\/patenrengas.fi\/index.php?rest_route=%2Fwp%2Fv2%2Fmedia&parent=496"}],"curies":[{"name":"wp","href":"https:\/\/api.w.org\/{rel}","templated":true}]}}