{"id":124,"date":"2020-10-07T09:08:53","date_gmt":"2020-10-07T09:08:53","guid":{"rendered":"http:\/\/patenrengas.fi\/?page_id=124"},"modified":"2020-10-14T14:32:49","modified_gmt":"2020-10-14T14:32:49","slug":"rengastietoa","status":"publish","type":"page","link":"https:\/\/patenrengas.fi\/?page_id=124","title":{"rendered":"Rengastietoa"},"content":{"rendered":"\t\t<div data-elementor-type=\"wp-page\" data-elementor-id=\"124\" class=\"elementor elementor-124\">\n\t\t\t\t\t\t<section class=\"elementor-section elementor-top-section elementor-element elementor-element-855341d elementor-section-boxed elementor-section-height-default elementor-section-height-default\" data-id=\"855341d\" data-element_type=\"section\" data-e-type=\"section\">\n\t\t\t\t\t\t<div class=\"elementor-container elementor-column-gap-default\">\n\t\t\t\t\t<div class=\"elementor-column elementor-col-100 elementor-top-column elementor-element elementor-element-78ec902\" data-id=\"78ec902\" data-element_type=\"column\" data-e-type=\"column\">\n\t\t\t<div class=\"elementor-widget-wrap elementor-element-populated\">\n\t\t\t\t\t\t<div class=\"elementor-element elementor-element-b5b4309 elementor-widget elementor-widget-text-editor\" data-id=\"b5b4309\" data-element_type=\"widget\" data-e-type=\"widget\" data-widget_type=\"text-editor.default\">\n\t\t\t\t<div class=\"elementor-widget-container\">\n\t\t\t\t\t\t\t\t\t<h1><span style=\"color: #363636;\">Rengastietoa<\/span><\/h1>\n<p><\/p>\n<h3 id=\"turvallisuus\"><strong>Turvallisuuden perusta<\/strong><\/h3>\n<p>Renkaat ovat ainoa yhteys auton ja tien v\u00e4lill\u00e4. Kaikissa olosuhteissa turvallisuus on kiinni reilun nelj\u00e4n k\u00e4mmenen kokoisesta kosketuspinnasta.<\/p>\n<p>Lain vaatimat minimiurasyvyydet ovat vaikeissa olosuhteissa turvallisuuden kannalta riitt\u00e4m\u00e4tt\u00f6m\u00e4t. Vesiliirto- ja sohjoliirtovaaran vuoksi Autonrengasliiton turvasuositus kes\u00e4renkaille on v\u00e4hint\u00e4\u00e4n&nbsp;4,0 mm&nbsp;ja talvirenkaille&nbsp;5,0 mm. Mik\u00e4li urasyvyydet ovat alle suosituksen on syyt\u00e4 harkita kes\u00e4- ja talvirenkaiden uusimista tai noudattaa sadekelill\u00e4 sek\u00e4 vaativilla talvikeleill\u00e4 erityist\u00e4 varovaisuutta.<\/p>\n<p>Renkailla on takuu. Mahdollisissa ongelmatilanteissa k\u00e4\u00e4nny sen rengasliikkeen puoleen, josta renkaat on ostettu. Rengasalan asiantuntijaliikkeill\u00e4 on tarvittava&nbsp; ammattitaito ja asianmukaiset v\u00e4lineet tutkia reklamaatiota. Lis\u00e4ksi ne my\u00f6nt\u00e4v\u00e4t takuun tehdylle ty\u00f6lle.<\/p>\n<p>Romurenkaita ei saa vied\u00e4 kaatopaikalle. Asiantuntijaliikkeet ottavat vastaan k\u00e4yt\u00f6st\u00e4 poistettuja renkaita ja toimittavat ne kierr\u00e4tykseen.<\/p>\n<p>Renkailla saavutetaan yleens\u00e4 kymmenien tuhansien kilometrien ajotulos. Ajotulokseen vaikuttavat kuljettaja itse, asennusajankohta, ajo-olosuhteet, valittu rengastyyppi ja auto. Noudattamalla k\u00e4ytt\u00f6\u2013 ja huolto-ohjeita pidenn\u00e4t renkaidesi turvallista k\u00e4ytt\u00f6ik\u00e4\u00e4.<\/p>\n<p><\/p>\n<h3 id=\"renkaan_kayttoohje\">Renkaan k\u00e4ytt\u00f6ohje<\/h3>\n<p>Tarkasta renkaiden kunto s\u00e4\u00e4nn\u00f6llisesti ja ennen pitempi\u00e4 matkoja. Tarkasta rengaspaineet v\u00e4hint\u00e4\u00e4n kerran kuukaudessa tai jos kuormitus muuttuu. Oikea paine oikeaan renkaaseen, tarkastus kylmill\u00e4 renkailla.<\/p>\n<p>HUOM: +\/- 10 \u00b0C muutos ulkoilman l\u00e4mp\u00f6tilassa aiheuttaa +\/- 10 kPa:n (0,1 bar) painemuutoksen renkaassa. K\u00e4yt\u00e4 aina kalibroitua ilmanpainemittaria.<\/p>\n<p><strong>J\u00e4lkikiristys<\/strong><\/p>\n<ul>\n<li>\n<p>Py\u00f6rien j\u00e4lkikiristys oikeaan kireyteen momenttiavaimella 100\u2013200 km:n ajon j\u00e4lkeen<\/p>\n<\/li>\n<\/ul>\n<p><strong>Renkaiden sis\u00e4\u00e4najo<\/strong><\/p>\n<ul>\n<li>\n<p>V\u00e4lt\u00e4 voimakkaita jarrutuksia ja kiihdytyksi\u00e4 ensimm\u00e4isen 500 km:n aikana.<\/p>\n<\/li>\n<\/ul>\n<p><strong>Nastarenkaiden erityisvaatimukset<\/strong><\/p>\n<ul>\n<li>\n<p>Nastat asettuvat nastanreikiin ensimm\u00e4isten 500 km:n aikana.<\/p>\n<\/li>\n<li>\n<p>S\u00e4ilyt\u00e4 nastarenkaiden py\u00f6rimissuunta renkaan koko k\u00e4ytt\u00f6i\u00e4n ajan.<\/p>\n<\/li>\n<\/ul>\n<p><strong>Oikeat ilmanpaineet<\/strong><\/p>\n<ul>\n<li>\n<p>Noudata autonvalmistajan ja rengasvalmistajan ohjeita: huomioi rengaskoon ja kuormituksen vaikutus.<\/p>\n<\/li>\n<li>\n<p>Renkaan l\u00e4mp\u00f6tilan muutos muuttaa rengaspainetta. Pyri tarkastamaan rengaspaineet ennen ajoa ja ulkol\u00e4mp\u00f6tilassa.<\/p>\n<\/li>\n<\/ul>\n<p><strong>Renkaiden tasainen kuluminen<\/strong><\/p>\n<ul>\n<li>\n<p>Tarkkaile renkaiden kulumista ja vaihda tarvittaessa renkaiden paikkoja.<\/p>\n<\/li>\n<li>\n<p>Nastarenkaiden py\u00f6rimissuunta s\u00e4ilytett\u00e4v\u00e4 koko k\u00e4ytt\u00f6i\u00e4n ajan.<\/p>\n<\/li>\n<li>\n<p>Oikeat py\u00f6r\u00e4kulmat ja tasapainotukset varmistavat renkaan parhaan suorituskyvyn.<\/p>\n<\/li>\n<li>\n<p>Renkaiden eriarvoisissa kulumistapauksissa pyyd\u00e4 neuvoa rengasamattilaiseltasi<\/p>\n<\/li>\n<li>\n<p>Huomioi 4\u00d74 autojen erityisvaatimukset<\/p>\n<\/li>\n<\/ul>\n<p><strong>Renkaiden s\u00e4ilytys<\/strong><\/p>\n<ul>\n<li>\n<p>S\u00e4ilyt\u00e4 renkaat puhtaina ja kuivina, pime\u00e4ss\u00e4 ja viile\u00e4ss\u00e4 paikassa.<\/p>\n<\/li>\n<li>\n<p>Paloturvallisuusm\u00e4\u00e4r\u00e4ykset saattavat rajoittaa renkaiden s\u00e4ilytyst\u00e4 varastotiloissa.<\/p>\n<\/li>\n<li>\n<p>Kysy tarvittaessa rengasasiantuntijalta rengass\u00e4ilytyspalveluja.<\/p>\n<\/li>\n<\/ul>\n<p><strong>Renkaiden kierr\u00e4tys<\/strong><\/p>\n<ul>\n<li>\n<p>Kuluneet renkaat voit j\u00e4tt\u00e4\u00e4 rengasmyyj\u00e4llesi, joka huolehtii niiden toimituksesta lain velvoittamalla tavalla kierr\u00e4tykseen.<\/p>\n<\/li>\n<\/ul>\n<h3>&nbsp;<\/h3>\n<h3 id=\"rengasmaaraykset\">Rengasm\u00e4\u00e4r\u00e4ykset<\/h3>\n<p>Auto on varustettava sen rekister\u00f6idyn kokonaismassan ja askeleille kohdistuvien massojen edellytt\u00e4min renkain ja vantein. Renkaita, joissa kudos on n\u00e4kyviss\u00e4 tai jotka ilmeisesti ovat vaarassa r\u00e4j\u00e4ht\u00e4\u00e4, ei saa k\u00e4ytt\u00e4\u00e4.<\/p>\n<p>Kulutuspinnan p\u00e4\u00e4urien&nbsp;syvyyden tulee olla v\u00e4hint\u00e4\u00e4n&nbsp;1,6 mm. P\u00e4\u00e4urilla tarkoitetaan leveit\u00e4 uria renkaan kulutuspinnan keskialueella noin kolmen nelj\u00e4nneksen leveydell\u00e4 kulutuspinnasta. Henkil\u00f6autonrenkaan kulutuspinnan uria ei saa lis\u00e4t\u00e4 tai syvent\u00e4\u00e4. Kes\u00e4renkaiden urasyvyyden turvasuositus sadekelill\u00e4 ajettaessa on v\u00e4hint\u00e4\u00e4n&nbsp;4,0 mm.&nbsp;Mik\u00e4li urasyvyys on alle suosituksen, on syyt\u00e4 harkita kes\u00e4renkaiden uusimista tai noudattaa sadekelill\u00e4 erityist\u00e4 varovaisuutta. Turvasuositus ei siis tarkoita, ett\u00e4 kes\u00e4rengas on elinkaarensa lopussa, jos renkaan urasyvyys alittaa 4,0 mm.<\/p>\n<p><\/p>\n<h3>&nbsp;<\/h3>\n<h3>TALVIRENGASPAKKO MUUTTUU KELIPERUSTEISEKSI 2020<\/h3>\n<p><strong>Talvirenkaat kannattaa vaihtaa alle keliennusteen, eik\u00e4 kalenterin mukaan. T\u00e4m\u00e4 on otettu huomioon my\u00f6s uudessa tieliikennelaissa, jonka mukaan talvirengaspakko muuttuu keliperusteiseksi vuonna 2020. Uudet rengasm\u00e4\u00e4r\u00e4ykset kaipaavat tuekseen laajaa valistusta, valvontaa ja seurantaa, jotta rengasalan toimijoiden pelko liikenneturvallisuuden vaarantumisesta ei toteutuisi uudistuksen my\u00f6t\u00e4.<\/strong><\/p>\n<p><strong>Uusi tieliikennelaki voimaan 1.6.2020.<\/strong><\/p>\n<p>Uuden tieliikennelain my\u00f6t\u00e4 my\u00f6s talvirenkaiden k\u00e4ytt\u00f6aikaa koskevat s\u00e4\u00e4nn\u00f6t muuttuvat. Uudistuksen my\u00f6t\u00e4 kuljettajien oma vastuu ja ennakointivelvollisuus asianmukaisesta rengastuksesta korostuu.<\/p>\n<p><strong>Uusi laki p\u00e4hkin\u00e4nkuoresssa \u2013 talvirenkaat<\/strong><\/p>\n<ul>\n<li>\n<p>Talvirenkaita tulee k\u00e4ytt\u00e4\u00e4 mik\u00e4li s\u00e4\u00e4 tai keli sit\u00e4 edellytt\u00e4\u00e4, marraskuun alusta maaliskuun loppuun.<\/p>\n<\/li>\n<li>\n<p>Pakollinen k\u00e4ytt\u00f6aika kelin niin edellytt\u00e4ess\u00e4, pitenee siten nykyisest\u00e4 vaatimuksesta kuukaudella sek\u00e4 syksyll\u00e4 ett\u00e4 kev\u00e4\u00e4ll\u00e4.<\/p>\n<\/li>\n<li>\n<p>Kuitenkin my\u00f6s kes\u00e4renkaita saa tuona aikana k\u00e4ytt\u00e4\u00e4, mik\u00e4li alueella vallitsee \u201dkes\u00e4keli\u201d.<\/p>\n<\/li>\n<li>\n<p>S\u00e4\u00e4ll\u00e4 tai kelill\u00e4, jolloin talvirenkaiden k\u00e4ytt\u00f6\u00e4 edellytet\u00e4\u00e4n, tarkoitetaan tieolosuhteita, joissa alueen tieverkolla, my\u00f6s pienemm\u00e4t tiet huomioon ottaen, on tarve k\u00e4ytt\u00e4\u00e4 talvirenkaita olemassa olevan tai mahdollisen liukkauden vuoksi.<\/p>\n<\/li>\n<li>\n<p>Yksitt\u00e4istapauksessa liikenteenvalvoja m\u00e4\u00e4rittelee, onko olosuhde sellainen, ett\u00e4 talvirenkaita on k\u00e4ytett\u00e4v\u00e4.<\/p>\n<\/li>\n<li>\n<p>Auton k\u00e4ytt\u00e4j\u00e4n vastuulla on huolehtia ennakoiden, ett\u00e4 alla on lain edellytt\u00e4m\u00e4t renkaat.<\/p>\n<\/li>\n<li>\n<p>Lue tarkemmin&nbsp;<a href=\"https:\/\/www.autonrengasliitto.fi\/fi\/rengasmaaraykset\/\" target=\"_blank\" rel=\"noreferrer noopener\" aria-label=\" (avautuu uudessa v\u00e4lilehdess\u00e4)\">https:\/\/www.autonrengasliitto.fi\/fi\/rengasmaaraykset\/<\/a><\/p>\n<\/li>\n<\/ul>\n<p><\/p>\n<h3 id=\"renkaiden-valinta\">Renkaiden valinta<\/h3>\n<p>Jokaisen auton rekisteritiedoissa on merkittyn\u00e4 yksi tai useampi suositeltu\/hyv\u00e4ksytty rengaskoko. Autonvalmistaja on valinnut alkuper\u00e4isrengastukseksi nopeusluokaltaan ja kantavuudeltaan auton suorituskyky\u00e4 ja ajo-ominaisuuksia vastaavan rengastyypin. T\u00e4ll\u00e4 rengastyypill\u00e4 valmistaja on hienos\u00e4\u00e4t\u00e4nyt auton alustarakenteen normaalik\u00e4ytt\u00f6\u00f6n sopivaksi.<\/p>\n<p>Jos haluat muuttaa autoon valittua rengaskokoa tai kantavuus\u2013 ja nopeusluokkaa, varmista asia ensin automerkin edustajalta tai rengasliikkeest\u00e4. Asiantuntijalta saat my\u00f6s tarvittavat vannetiedot ja mahdolliset poikkeavat rengaspainesuositukset. Huomaa ABS-jarruj\u00e4rjestelm\u00e4n rajoitteet rengaskoon muutoksissa.<\/p>\n<p>V\u00e4lt\u00e4 k\u00e4ytt\u00e4m\u00e4st\u00e4 autossasi samanaikaisesti erimerkkisi\u00e4 ja tyyppisi\u00e4 renkaita. Jos valitset talvirenkaiksi nastoitetut renkaat, kaikki nelj\u00e4 rengasta on oltava nastoitettuja. Huolehdi, ett\u00e4 varsinkin samalla akselilla olevat renkaat ovat kulumisasteeltaan samanarvoisia ja&nbsp;v\u00e4hemm\u00e4n kuluneet taka-akselilla.<\/p>\n<p>Huomaa, ett\u00e4 talvirenkaiden nopeusluokkamerkint\u00e4 on yleens\u00e4 alhaisempi kuin kes\u00e4renkailla. Se on syyt\u00e4 ottaa huomioon, jos olet l\u00e4hd\u00f6ss\u00e4 ulkomaille. K\u00e4\u00e4nny t\u00e4ss\u00e4kin asiassa asiantuntijan puoleen.<\/p>\n<p><\/p>\n<h3 id=\"renkaiden-asennus\">Renkaiden asennus<\/h3>\n<p>Teet\u00e4 renkaiden asennus vanteelle aina asiantuntijaliikkeess\u00e4. Ammatti-ihminen tiet\u00e4\u00e4 rengasvalmistajan ohjeet erityyppisten renkaiden asentamiselle. Renkaan asentamisen yhteydess\u00e4 vanne tarkastetaan ja venttiili vaihdetaan uuteen. Vanteilla on suuri merkitys renkaan ominaisuuksiin; py\u00f6reyteen, tiiviyteen ja ajo-ominaisuuksiin. Sis\u00e4renkaattomat (tubeless) ja sis\u00e4renkaalliset (tube type) renkaat asennetaan niille tarkoitetuille vanteille.<\/p>\n<p>Jos teet py\u00f6rien vaihdon itse, tutustu ensin auton ohjekirjan ohjeisiin. Puhdista huolellisesti vastinpinnat, kirist\u00e4 mutterit\/pultit tasaisesti \u201cristikiristys\u201d -periaatteella. Lopullinen kiristys on syyt\u00e4 tehd\u00e4 momenttiavaimella vanteiden sallimalla momentilla. Muista my\u00f6s j\u00e4lkikiristys noin parin sadan ajokilometrin j\u00e4lkeen. Asentaessasi p\u00f6lykapselia, pid\u00e4 venttiili vapaana sille varatussa aukossa. Huom. Alumiinivanteilla on usein omat pultit\/mutterit.<\/p>\n<p>Kes\u00e4\u2013 ja talvipy\u00f6rien vaihdon yhteydess\u00e4 tarkista rengaspaineet ja tasapainotuta alle asennettavat py\u00f6r\u00e4t asiantuntijaliikkeess\u00e4. Tarkasta alta irrotettavien py\u00f6rien jo t\u00e4ss\u00e4 vaiheessa tulevaa kautta ajatellen. Pese py\u00f6r\u00e4t miedolla pesuaineella \u2013 n\u00e4in est\u00e4t vanteiden ruostumista. Merkitse py\u00f6riin niiden sijaintipaikka. \u00c4l\u00e4 vaihda py\u00f6rimissuuntaa!<\/p>\n<p>Jos asennat autoosi vain kaksi uusilla renkailla olevaa py\u00f6r\u00e4\u00e4, asenna uudet taka-akselille huolimatta auton vetotavasta. Uusille nastoitetuille talvirenkaille suositellaan noin 500-1000 km:n sis\u00e4\u00e4najo, jotta nastat asettuvat kunnolla renkaisiin.<\/p>\n<p><\/p>\n<h3 id=\"renkaiden-kaytto-ja-huolto\">Renkaiden k\u00e4ytt\u00f6 ja huolto<\/h3>\n<p>Auton tekninen kuluminen v\u00e4littyy suurelta osin renkaiden kautta. Eli renkaat toimivat indikaattoreina erilaisista vioista autossa. Siksi renkaiden huolto, etenkin s\u00e4\u00e4nn\u00f6llinen rengaspaineiden tarkistus ja kulutuspinnan seuranta ovat t\u00e4rkeit\u00e4.<\/p>\n<p>Rengaspaineilla&nbsp;viimeistell\u00e4\u00e4n auton ajo-ominaisuudet. Oikeat rengaspaineet eri kuormituksille l\u00f6yd\u00e4t auton ohjekirjasta, usein my\u00f6s polttoainekorkin kannesta, kuljettajan ovitolpasta tai hansikaslokeron kannesta. Talvirenkaiden ja poikkeavan rengastyypin tai \u2013koon painesuosituksen saat selville rengasasiantuntijalta.<\/p>\n<p>V\u00e4\u00e4r\u00e4t rengaspaineet vaikuttavat auton ajo-ominaisuuksiin ja lyhent\u00e4v\u00e4t renkaiden k\u00e4ytt\u00f6ik\u00e4\u00e4. Toisistaan poikkeavat rengaspaineet auton eri puolilla on todellinen turvallisuusriski! Muista tarkistaa rengaspaineet s\u00e4\u00e4nn\u00f6llisesti v\u00e4hint\u00e4\u00e4n kerran kuukaudessa unohtamatta vararengasta. Mittaa rengaspaine aina kylmenneist\u00e4 renkaista. Erityisesti pakkasaikana varmista, ettei venttiili j\u00e4\u00e4 vuotamaan.<\/p>\n<p>Tarkkaile s\u00e4\u00e4nn\u00f6llisesti renkaidesi kuntoa ja kulumista.&nbsp;Mit\u00e4 pienempi kulutuspinnan urasyvyys, sit\u00e4 suurempi vesiliirron vaara! Jos huomaat kulutuspinnassa tai renkaan sivussa ulkoisia vaurioita, pistoja, viiltoja, hankaumia tai ep\u00e4tasaista kulumista, k\u00e4\u00e4nny v\u00e4litt\u00f6m\u00e4sti asiantuntijan puoleen. Tarkasta my\u00f6s mahdolliset kolhut vanteessa.<\/p>\n<p>Mik\u00e4li rengas in kokenut kovan, ter\u00e4v\u00e4n iskun esimerkiksi kadun kanttikiven ylityksess\u00e4, se on syyt\u00e4 heti tarkastuttaa rengasliikkeess\u00e4. Rengas on saattanut saada sis\u00e4isen vaurion, joka ei heti n\u00e4y ulosp\u00e4in. T\u00e4llaisen vaurion voi todeta vain ammattilainen irrottamalla renkaan pois vanteelta.<\/p>\n<p>Rengasta ei saa koskaan korjata sen ollessa vanteella, koska t\u00e4ll\u00f6in renkaan sis\u00e4puolisten vaurioiden tutkiminen on mahdotonta. Rengas on paineastia, joka voi r\u00e4j\u00e4ht\u00e4\u00e4!<\/p>\n<p>Varastoi renkaat valolta suojassa, kuivassa ja viile\u00e4ss\u00e4 tilassa sek\u00e4 et\u00e4\u00e4ll\u00e4 bensiinist\u00e4, \u00f6ljyst\u00e4 ja rasvoista. Paten Renkaan palveluihin kuuluu my\u00f6s <a href=\"https:\/\/slotti.fi\/booking\/patenrengasoy\/\" target=\"_blank\" rel=\"noopener\">rengashotelli<\/a>.<\/p>\n<p><\/p>\n<h3 id=\"renkaiden-tarkastus-ja-huoltovinkit\">Renkaiden tarkastus- ja huoltovinkit<\/h3>\n<p><strong>Aja taloudellisesti<\/strong><\/p>\n<p>Renkaiden kulutuskest\u00e4vyys on ratkaisevasti kiinni autosta, ajotavasta ja ajo-olosuhteista. Renkaasi kest\u00e4v\u00e4t pidemp\u00e4\u00e4n, kun ennakoit tilanteita ja ajat taloudellisesti. V\u00e4lt\u00e4 voimakkaita kiihdytyksi\u00e4 ja jarrutuksia sek\u00e4 kaahailua kaarteissa ja kadunkulmissa.<\/p>\n<p><strong>Huolehdi rengaspaineista<\/strong><\/p>\n<p>Liian alhainen rengaspaine vaikeuttaa auton hallittavuutta ja lis\u00e4\u00e4 vierint\u00e4vastusta merkitt\u00e4v\u00e4sti. Tarkista rengaspaineet v\u00e4hint\u00e4\u00e4n kerran kuukaudessa kylm\u00e4st\u00e4 renkaasta ennen pitk\u00e4\u00e4 ajoa. L\u00f6yd\u00e4t ilmanpainesuositukset eri kuormitustilanteisiin auton ohjekirjasta tai bensaluukusta. Muista tarkistaa s\u00e4\u00e4nn\u00f6llisesti my\u00f6s vararenkaan ilmanpaine.<\/p>\n<p><strong>Tarkkaile urasyvyyksi\u00e4<\/strong><\/p>\n<p>Tarkkaile renkaittesi kulumista s\u00e4\u00e4nn\u00f6llisesti v\u00e4hint\u00e4\u00e4n kuukausittain rengaspaineiden mittauksen yhteydess\u00e4. Voit tarkistaa urasyvyyden silm\u00e4m\u00e4\u00e4r\u00e4isesti tai sopivalla apuv\u00e4lineell\u00e4. Kes\u00e4renkaan kulumisvaroitin on asetettu lain vaatimaan 1,6 milliin.<\/p>\n<p>Sadekelin turvasuosituksen mukaisen 4,0 mm urasyvyyden voit varmistaa 2 euron kolikolla.<\/p>\n<p><strong>Tarkista renkaiden ik\u00e4<\/strong><\/p>\n<p>Renkaiden kokonaisi\u00e4ksi suositellaan enint\u00e4\u00e4n kymmenen vuotta valmistusajankohdasta, joka on merkitty renkaan kylkeen nelinumeroisena tunnuksena DOT -merkinn\u00e4n yhteyteen. Renkaan k\u00e4ytt\u00f6i\u00e4ksi suositellaan enint\u00e4\u00e4n kuusi vuotta k\u00e4ytt\u00f6\u00f6notosta.<\/p>\n<p><strong>Vaihda py\u00f6rien paikkaa<\/strong><\/p>\n<p>Kierr\u00e4t\u00e4 py\u00f6rien sijaintia edelliskaudesta etu- ja taka-akselien v\u00e4lill\u00e4 py\u00f6rimissuuntaa muuttamatta, jotta renkaat kuluisivat tasaisesti. Paljon ajavien kannattaa vaihtaa py\u00f6rien paikkaa my\u00f6s ajokauden aikana 8\u201310 000 kilometrin v\u00e4lein. Jos renkaiden kuntoerot p\u00e4\u00e4sev\u00e4t kasvamaan suuriksi, paremmat renkaat laitetaan taakse.<\/p>\n<p><strong>Muista j\u00e4lkikiristys<\/strong><\/p>\n<p>Py\u00f6r\u00e4nvaihdossa pultit kiinnitet\u00e4\u00e4n tasaisesti ristiin kirist\u00e4m\u00e4ll\u00e4. Sopiva tiukkuus saadaan aikaan momenttiavaimella pulttien sallimalla momentilla. Muista pulttien j\u00e4lkikiristys parin sadan ajokilometrin j\u00e4lkeen \u2013 vaihdoitpa renkaat itse tai asiantuntijan avustuksella.<\/p>\n<p><strong>K\u00e4yt\u00e4 asiantuntijaa<\/strong><\/p>\n<p>Renkaat kuluvat ep\u00e4tasaisesti liian alhaisten rengaspaineiden, virheellisen tasapainotuksen, v\u00e4\u00e4rien ohjauskulmien tai kuluneiden iskunvaimentimien vuoksi. Renkaat oireilevat herk\u00e4sti, joten k\u00e4ynti asiantuntijaliikkeess\u00e4 paljastaa syyt renkaan ep\u00e4normaalille kulumiselle.<\/p>\n<p id=\"renkaan-ikaantyminen\"><strong>Renkaan ik\u00e4\u00e4ntyminen<\/strong><\/p>\n<p>Rengasalan yhteisen n\u00e4kemyksen mukaan rengas s\u00e4ilytt\u00e4\u00e4 k\u00e4ytt\u00e4m\u00e4tt\u00f6m\u00e4n\u00e4 ja oikein varastoituna alkuper\u00e4iset tekniset ominaisuutensa jopa viisi vuotta. Renkaat pit\u00e4\u00e4 s\u00e4ilytt\u00e4\u00e4 puhtaina, kuivassa ja viile\u00e4ss\u00e4 paikassa sek\u00e4 suojassa auringonvalolta. Renkaan kokonaisi\u00e4ksi suositellaan enint\u00e4\u00e4n kymmenen vuotta valmistusajankohdasta. Renkaan valmistusajankohta selvi\u00e4\u00e4 renkaan kyljest\u00e4 DOT-merkinn\u00e4n yhteydest\u00e4. Valmistusajankohta merkit\u00e4\u00e4n nelinumeroisella tunnuksella. Esimerkiksi 0817 tarkoittaa viikkoa 8 vuonna 2017.<\/p>\n<p>Uusina myyt\u00e4v\u00e4t renkaat voivat olla enint\u00e4\u00e4n viisi vuotta aiemmin valmistettuja. Hyv\u00e4n kauppatavan mukaista on kuitenkin informoida asiakasta renkaan valmistusajankohdasta, jos kyseess\u00e4 on yli kolme vuotta vanhat renkaat. Renkaat alkavat ik\u00e4\u00e4nty\u00e4 toden teolla vasta niiden k\u00e4ytt\u00f6\u00f6noton j\u00e4lkeen.<\/p>\t\t\t\t\t\t\t\t<\/div>\n\t\t\t\t<\/div>\n\t\t\t\t\t<\/div>\n\t\t<\/div>\n\t\t\t\t\t<\/div>\n\t\t<\/section>\n\t\t\t\t<\/div>\n\t\t","protected":false},"excerpt":{"rendered":"<p>Rengastietoa Turvallisuuden perusta Renkaat ovat ainoa yhteys auton ja tien v\u00e4lill\u00e4. Kaikissa olosuhteissa turvallisuus on kiinni reilun nelj\u00e4n k\u00e4mmenen kokoisesta kosketuspinnasta. Lain vaatimat minimiurasyvyydet ovat vaikeissa olosuhteissa turvallisuuden kannalta riitt\u00e4m\u00e4tt\u00f6m\u00e4t. Vesiliirto- ja sohjoliirtovaaran vuoksi Autonrengasliiton turvasuositus kes\u00e4renkaille on v\u00e4hint\u00e4\u00e4n&nbsp;4,0 mm&nbsp;ja talvirenkaille&nbsp;5,0 mm. Mik\u00e4li urasyvyydet ovat alle suosituksen on syyt\u00e4 harkita kes\u00e4- ja talvirenkaiden uusimista tai<\/p><\/div>\n<div class=\"blog-btn\"><a href=\"https:\/\/patenrengas.fi\/?page_id=124\" class=\"home-blog-btn\">Lue lis\u00e4\u00e4<\/a><\/p>\n","protected":false},"author":1,"featured_media":0,"parent":0,"menu_order":0,"comment_status":"closed","ping_status":"closed","template":"","meta":{"footnotes":""},"class_list":["post-124","page","type-page","status-publish","hentry"],"_links":{"self":[{"href":"https:\/\/patenrengas.fi\/index.php?rest_route=\/wp\/v2\/pages\/124","targetHints":{"allow":["GET"]}}],"collection":[{"href":"https:\/\/patenrengas.fi\/index.php?rest_route=\/wp\/v2\/pages"}],"about":[{"href":"https:\/\/patenrengas.fi\/index.php?rest_route=\/wp\/v2\/types\/page"}],"author":[{"embeddable":true,"href":"https:\/\/patenrengas.fi\/index.php?rest_route=\/wp\/v2\/users\/1"}],"replies":[{"embeddable":true,"href":"https:\/\/patenrengas.fi\/index.php?rest_route=%2Fwp%2Fv2%2Fcomments&post=124"}],"version-history":[{"count":5,"href":"https:\/\/patenrengas.fi\/index.php?rest_route=\/wp\/v2\/pages\/124\/revisions"}],"predecessor-version":[{"id":626,"href":"https:\/\/patenrengas.fi\/index.php?rest_route=\/wp\/v2\/pages\/124\/revisions\/626"}],"wp:attachment":[{"href":"https:\/\/patenrengas.fi\/index.php?rest_route=%2Fwp%2Fv2%2Fmedia&parent=124"}],"curies":[{"name":"wp","href":"https:\/\/api.w.org\/{rel}","templated":true}]}}