{"id":111,"date":"2020-10-07T09:01:38","date_gmt":"2020-10-07T09:01:38","guid":{"rendered":"http:\/\/patenrengas.fi\/?page_id=111"},"modified":"2020-10-14T15:07:29","modified_gmt":"2020-10-14T15:07:29","slug":"palvelut","status":"publish","type":"page","link":"https:\/\/patenrengas.fi\/?page_id=111","title":{"rendered":"Palvelut"},"content":{"rendered":"\t\t<div data-elementor-type=\"wp-page\" data-elementor-id=\"111\" class=\"elementor elementor-111\">\n\t\t\t\t\t\t<section class=\"elementor-section elementor-top-section elementor-element elementor-element-2fb1f2e elementor-section-boxed elementor-section-height-default elementor-section-height-default\" data-id=\"2fb1f2e\" data-element_type=\"section\" data-e-type=\"section\">\n\t\t\t\t\t\t<div class=\"elementor-container elementor-column-gap-default\">\n\t\t\t\t\t<div class=\"elementor-column elementor-col-100 elementor-top-column elementor-element elementor-element-e388e6a\" data-id=\"e388e6a\" data-element_type=\"column\" data-e-type=\"column\">\n\t\t\t<div class=\"elementor-widget-wrap elementor-element-populated\">\n\t\t\t\t\t\t<div class=\"elementor-element elementor-element-586db72 elementor-widget elementor-widget-text-editor\" data-id=\"586db72\" data-element_type=\"widget\" data-e-type=\"widget\" data-widget_type=\"text-editor.default\">\n\t\t\t\t<div class=\"elementor-widget-container\">\n\t\t\t\t\t\t\t\t\t<h1>T\u00c4YTT\u00c4 RENGASALAN PALVELUA<\/h1><p>Rengasalan palvelua sek\u00e4 yksityis- ett\u00e4 ammattiautoilijalle.<\/p><p>palveluvalikoima sis\u00e4lt\u00e4\u00e4 p\u00e4\u00e4osin:<br \/>\u2022 Henkil\u00f6- ja pakettiautojen uudet renkaat<br \/>\u2022 Erikoisvanteet<br \/>\u2022 Peltivanteet<br \/>\u2022 Alan tarvikkeet ja varaosat<br \/>\u2022 Asennukset<br \/>\u2022 <a href=\"https:\/\/slotti.fi\/booking\/patenrengasoy\/\" target=\"_blank\" rel=\"noopener\">Rengass\u00e4ilytykset (Rengashotelli)<\/a><\/p>\t\t\t\t\t\t\t\t<\/div>\n\t\t\t\t<\/div>\n\t\t\t\t<div class=\"elementor-element elementor-element-8e45c9c elementor-widget elementor-widget-text-editor\" data-id=\"8e45c9c\" data-element_type=\"widget\" data-e-type=\"widget\" data-widget_type=\"text-editor.default\">\n\t\t\t\t<div class=\"elementor-widget-container\">\n\t\t\t\t\t\t\t\t\t<h2>Ty\u00f6hinnasto<\/h2><p>Sesongin ulkopuolella kaikki hintamme ovat joustavia!<\/p><p>\u00a0<\/p>\t\t\t\t\t\t\t\t<\/div>\n\t\t\t\t<\/div>\n\t\t\t\t\t<\/div>\n\t\t<\/div>\n\t\t\t\t\t<\/div>\n\t\t<\/section>\n\t\t\t\t<section class=\"elementor-section elementor-top-section elementor-element elementor-element-0890ca4 elementor-section-boxed elementor-section-height-default elementor-section-height-default\" data-id=\"0890ca4\" data-element_type=\"section\" data-e-type=\"section\">\n\t\t\t\t\t\t<div class=\"elementor-container elementor-column-gap-default\">\n\t\t\t\t\t<div class=\"elementor-column elementor-col-100 elementor-top-column elementor-element elementor-element-e8e3e33\" data-id=\"e8e3e33\" data-element_type=\"column\" data-e-type=\"column\">\n\t\t\t<div class=\"elementor-widget-wrap elementor-element-populated\">\n\t\t\t\t\t\t<div class=\"elementor-element elementor-element-7e88e93 elementor-widget elementor-widget-shortcode\" data-id=\"7e88e93\" data-element_type=\"widget\" data-e-type=\"widget\" data-widget_type=\"shortcode.default\">\n\t\t\t\t<div class=\"elementor-widget-container\">\n\t\t\t\t\t\t\t<div class=\"elementor-shortcode\">\n<table id=\"tablepress-1\" class=\"tablepress tablepress-id-1\">\n<thead>\n<tr class=\"row-1\">\n\t<th class=\"column-1\">4 kpl\/sarja<\/th><th class=\"column-2\">Henkil\u00f6autot<\/th><td class=\"column-3\"><\/td><td class=\"column-4\"><\/td><td class=\"column-5\"><\/td><th class=\"column-6\">Pakettiautot ja maasturit<\/th>\n<\/tr>\n<\/thead>\n<tbody class=\"row-hover\">\n<tr class=\"row-2\">\n\t<td class=\"column-1\"><\/td><td class=\"column-2\">13\u201316 \u201d\t<\/td><td class=\"column-3\">17 \u201d\t<\/td><td class=\"column-4\">18 \u201d\t<\/td><td class=\"column-5\">19-21 \u201d\t<\/td><td class=\"column-6\"><\/td>\n<\/tr>\n<tr class=\"row-3\">\n\t<td class=\"column-1\">Alle asennus<\/td><td class=\"column-2\">40 \u20ac\t<\/td><td class=\"column-3\">40 \u20ac\t<\/td><td class=\"column-4\">40 \u20ac\t<\/td><td class=\"column-5\">40 \u20ac\t<\/td><td class=\"column-6\">alk. +10 \u20ac<\/td>\n<\/tr>\n<tr class=\"row-4\">\n\t<td class=\"column-1\">Tasapainotus + alle asennus\t<\/td><td class=\"column-2\">55 \u20ac<\/td><td class=\"column-3\">55 \u20ac<\/td><td class=\"column-4\">55 \u20ac<\/td><td class=\"column-5\">alk. 55 \u20ac<\/td><td class=\"column-6\">alk. +15 \u20ac<\/td>\n<\/tr>\n<tr class=\"row-5\">\n\t<td class=\"column-1\">Vannety\u00f6 + tasapainotus + alle asennus\t<\/td><td class=\"column-2\">75 \u20ac<\/td><td class=\"column-3\">85 \u20ac<\/td><td class=\"column-4\">alk. 95 \u20ac<\/td><td class=\"column-5\">alk.100\u20ac<\/td><td class=\"column-6\">alk. +15 \u20ac<\/td>\n<\/tr>\n<tr class=\"row-6\">\n\t<td class=\"column-1\">Tasapainotus (irtorenkaat)<\/td><td class=\"column-2\">35 \u20ac\t<\/td><td class=\"column-3\">35 \u20ac\t<\/td><td class=\"column-4\">35 \u20ac\t<\/td><td class=\"column-5\">35 \u20ac\t<\/td><td class=\"column-6\">alk. +10 \u20ac<\/td>\n<\/tr>\n<tr class=\"row-7\">\n\t<td class=\"column-1\">Vannety\u00f6 + tasapainotus\t<\/td><td class=\"column-2\">65 \u20ac<\/td><td class=\"column-3\">75 \u20ac<\/td><td class=\"column-4\">alk. 85 \u20ac<\/td><td class=\"column-5\">alk. 85 \u20ac<\/td><td class=\"column-6\">alk. +10\u20ac<br \/>\n<\/td>\n<\/tr>\n<\/tbody>\n<\/table>\n<!-- #tablepress-1 from cache --><\/div>\n\t\t\t\t\t\t<\/div>\n\t\t\t\t<\/div>\n\t\t\t\t\t<\/div>\n\t\t<\/div>\n\t\t\t\t\t<\/div>\n\t\t<\/section>\n\t\t\t\t<section class=\"elementor-section elementor-top-section elementor-element elementor-element-f0377e2 elementor-section-boxed elementor-section-height-default elementor-section-height-default\" data-id=\"f0377e2\" data-element_type=\"section\" data-e-type=\"section\">\n\t\t\t\t\t\t<div class=\"elementor-container elementor-column-gap-default\">\n\t\t\t\t\t<div class=\"elementor-column elementor-col-100 elementor-top-column elementor-element elementor-element-ecd6009\" data-id=\"ecd6009\" data-element_type=\"column\" data-e-type=\"column\">\n\t\t\t<div class=\"elementor-widget-wrap elementor-element-populated\">\n\t\t\t\t\t\t\t<\/div>\n\t\t<\/div>\n\t\t\t\t\t<\/div>\n\t\t<\/section>\n\t\t\t\t<section class=\"elementor-section elementor-top-section elementor-element elementor-element-16eb566 elementor-section-boxed elementor-section-height-default elementor-section-height-default\" data-id=\"16eb566\" data-element_type=\"section\" data-e-type=\"section\">\n\t\t\t\t\t\t<div class=\"elementor-container elementor-column-gap-default\">\n\t\t\t\t\t<div class=\"elementor-column elementor-col-100 elementor-top-column elementor-element elementor-element-5aae58a\" data-id=\"5aae58a\" data-element_type=\"column\" data-e-type=\"column\">\n\t\t\t<div class=\"elementor-widget-wrap elementor-element-populated\">\n\t\t\t\t\t\t<div class=\"elementor-element elementor-element-1cdce8a elementor-widget elementor-widget-shortcode\" data-id=\"1cdce8a\" data-element_type=\"widget\" data-e-type=\"widget\" data-widget_type=\"shortcode.default\">\n\t\t\t\t<div class=\"elementor-widget-container\">\n\t\t\t\t\t\t\t<div class=\"elementor-shortcode\">\n<table id=\"tablepress-3\" class=\"tablepress tablepress-id-3\">\n<thead>\n<tr class=\"row-1\">\n\t<th class=\"column-1\">Renkaan korjaus sis\u00e4puolisella tubelesspaikalla<\/th><td class=\"column-2\"><\/td>\n<\/tr>\n<\/thead>\n<tbody class=\"row-hover\">\n<tr class=\"row-2\">\n\t<td class=\"column-1\">Irtorengas<\/td><td class=\"column-2\">alk. 30 \u20ac<\/td>\n<\/tr>\n<tr class=\"row-3\">\n\t<td class=\"column-1\">Alla oleva rengas<\/td><td class=\"column-2\">alk. 35 \u20ac<\/td>\n<\/tr>\n<\/tbody>\n<\/table>\n<!-- #tablepress-3 from cache --><\/div>\n\t\t\t\t\t\t<\/div>\n\t\t\t\t<\/div>\n\t\t\t\t\t<\/div>\n\t\t<\/div>\n\t\t\t\t\t<\/div>\n\t\t<\/section>\n\t\t\t\t<section class=\"elementor-section elementor-top-section elementor-element elementor-element-0bc7acc elementor-section-boxed elementor-section-height-default elementor-section-height-default\" data-id=\"0bc7acc\" data-element_type=\"section\" data-e-type=\"section\">\n\t\t\t\t\t\t<div class=\"elementor-container elementor-column-gap-default\">\n\t\t\t\t\t<div class=\"elementor-column elementor-col-100 elementor-top-column elementor-element elementor-element-92c545b\" data-id=\"92c545b\" data-element_type=\"column\" data-e-type=\"column\">\n\t\t\t<div class=\"elementor-widget-wrap elementor-element-populated\">\n\t\t\t\t\t\t<div class=\"elementor-element elementor-element-2e97476 elementor-widget elementor-widget-shortcode\" data-id=\"2e97476\" data-element_type=\"widget\" data-e-type=\"widget\" data-widget_type=\"shortcode.default\">\n\t\t\t\t<div class=\"elementor-widget-container\">\n\t\t\t\t\t\t\t<div class=\"elementor-shortcode\">\n<table id=\"tablepress-4\" class=\"tablepress tablepress-id-4\">\n<thead>\n<tr class=\"row-1\">\n\t<th class=\"column-1\">Rengashotelli<\/th><td class=\"column-2\"><\/td>\n<\/tr>\n<\/thead>\n<tbody class=\"row-hover\">\n<tr class=\"row-2\">\n\t<td class=\"column-1\">Henkil\u00f6autot\t<\/td><td class=\"column-2\">80 \u20ac \/ kausi<\/td>\n<\/tr>\n<tr class=\"row-3\">\n\t<td class=\"column-1\">Pakettiautot ja isot SUV<\/td><td class=\"column-2\">95 \u20ac \/ kausi<\/td>\n<\/tr>\n<\/tbody>\n<\/table>\n<!-- #tablepress-4 from cache --><\/div>\n\t\t\t\t\t\t<\/div>\n\t\t\t\t<\/div>\n\t\t\t\t<div class=\"elementor-element elementor-element-1d1fe61 elementor-widget elementor-widget-text-editor\" data-id=\"1d1fe61\" data-element_type=\"widget\" data-e-type=\"widget\" data-widget_type=\"text-editor.default\">\n\t\t\t\t<div class=\"elementor-widget-container\">\n\t\t\t\t\t\t\t\t\t<p><em>Rengashotelli sis\u00e4lt\u00e4\u00e4 renkaiden konepesun, kuntokartoituksen, vakuutuksen sek\u00e4 allevaihdon. Yksi kausi on n. 6 kk.<\/em><\/p>\t\t\t\t\t\t\t\t<\/div>\n\t\t\t\t<\/div>\n\t\t\t\t\t<\/div>\n\t\t<\/div>\n\t\t\t\t\t<\/div>\n\t\t<\/section>\n\t\t\t\t<\/div>\n\t\t","protected":false},"excerpt":{"rendered":"<p>T\u00c4YTT\u00c4 RENGASALAN PALVELUA Rengasalan palvelua sek\u00e4 yksityis- ett\u00e4 ammattiautoilijalle. palveluvalikoima sis\u00e4lt\u00e4\u00e4 p\u00e4\u00e4osin:\u2022 Henkil\u00f6- ja pakettiautojen uudet renkaat\u2022 Erikoisvanteet\u2022 Peltivanteet\u2022 Alan tarvikkeet ja varaosat\u2022 Asennukset\u2022 Rengass\u00e4ilytykset (Rengashotelli) Ty\u00f6hinnasto Sesongin ulkopuolella kaikki hintamme ovat joustavia! \u00a0 Rengashotelli sis\u00e4lt\u00e4\u00e4 renkaiden konepesun, kuntokartoituksen, vakuutuksen sek\u00e4 allevaihdon. Yksi kausi on n. 6 kk.<\/p>\n","protected":false},"author":1,"featured_media":0,"parent":0,"menu_order":0,"comment_status":"closed","ping_status":"closed","template":"","meta":{"footnotes":""},"class_list":["post-111","page","type-page","status-publish","hentry"],"_links":{"self":[{"href":"https:\/\/patenrengas.fi\/index.php?rest_route=\/wp\/v2\/pages\/111","targetHints":{"allow":["GET"]}}],"collection":[{"href":"https:\/\/patenrengas.fi\/index.php?rest_route=\/wp\/v2\/pages"}],"about":[{"href":"https:\/\/patenrengas.fi\/index.php?rest_route=\/wp\/v2\/types\/page"}],"author":[{"embeddable":true,"href":"https:\/\/patenrengas.fi\/index.php?rest_route=\/wp\/v2\/users\/1"}],"replies":[{"embeddable":true,"href":"https:\/\/patenrengas.fi\/index.php?rest_route=%2Fwp%2Fv2%2Fcomments&post=111"}],"version-history":[{"count":23,"href":"https:\/\/patenrengas.fi\/index.php?rest_route=\/wp\/v2\/pages\/111\/revisions"}],"predecessor-version":[{"id":629,"href":"https:\/\/patenrengas.fi\/index.php?rest_route=\/wp\/v2\/pages\/111\/revisions\/629"}],"wp:attachment":[{"href":"https:\/\/patenrengas.fi\/index.php?rest_route=%2Fwp%2Fv2%2Fmedia&parent=111"}],"curies":[{"name":"wp","href":"https:\/\/api.w.org\/{rel}","templated":true}]}}